{"id":83,"date":"2019-06-09T07:23:45","date_gmt":"2019-06-09T07:23:45","guid":{"rendered":"http:\/\/localhost\/hotel-romantica\/?page_id=83"},"modified":"2021-03-07T10:31:13","modified_gmt":"2021-03-07T09:31:13","slug":"private_pool_villa","status":"publish","type":"page","link":"https:\/\/whitevillas.biz\/index.php\/private_pool_villa\/","title":{"rendered":"Private Pool Villa"},"content":{"rendered":"\t\t<div data-elementor-type=\"wp-page\" data-elementor-id=\"83\" class=\"elementor elementor-83\">\n\t\t\t\t\t\t<section class=\"elementor-section elementor-top-section elementor-element elementor-element-2f5081d elementor-section-boxed elementor-section-height-default elementor-section-height-default\" data-id=\"2f5081d\" data-element_type=\"section\">\n\t\t\t\t\t\t<div class=\"elementor-container elementor-column-gap-default\">\n\t\t\t\t\t<div class=\"elementor-column elementor-col-100 elementor-top-column elementor-element elementor-element-8067d6a\" data-id=\"8067d6a\" data-element_type=\"column\">\n\t\t\t<div class=\"elementor-widget-wrap elementor-element-populated\">\n\t\t\t\t\t\t<div class=\"elementor-element elementor-element-35dbbd3 elementor-widget elementor-widget-text-editor\" data-id=\"35dbbd3\" data-element_type=\"widget\" data-widget_type=\"text-editor.default\">\n\t\t\t\t<div class=\"elementor-widget-container\">\n\t\t\t\t\t\t\t\t\t<p style=\"text-align: center;\"><strong>Schlaf- &amp; Badezimmer &#8222;Neda Waterfalls&#8220;<\/strong><br \/>Doppelbett 180 cm x 200 cm<br \/>42\u2033 Fernseher (Satelliten-TV)<br \/>Begehbare Dusche, Eckwaschtisch, WC, F\u00f6n<\/p>\n<p style=\"text-align: center;\"><strong>Offener Wohn- &amp; Essbereich<\/strong><br \/>Gro\u00dfer, moderner Esstisch f\u00fcr bis zu 6 Personen<br \/>Bequeme Polsterecke<br \/>(vollwertige Schlafm\u00f6glichkeit f\u00fcr bis zu 2 Personen \u2013 nicht nur f\u00fcr Kinder!)<br \/>42\u2033 Fernseher (Satelliten-TV) und Stereoanlage<\/p>\n<p style=\"text-align: center;\"><strong>Komplett ausgestattete K\u00fcchenzeile<\/strong><br \/>Gro\u00dfer K\u00fchl-Gefrier-Kombinationsschrank<br \/>Backofen, Ceranfeld, Dunstabzug<br \/>Mikrowelle, Geschirrsp\u00fcler, Sp\u00fcle<br \/>Kaffeemaschine, Wasserkocher, Toaster<br \/>Sandwichmaker\/Waffeleisen\/Kontaktgrill<br \/>Komplette K\u00fcchenausstattung (Koch- und Essgeschirr)<\/p>\n<p style=\"text-align: center;\"><strong>Klimaanlage im Schlaf- und Wohnraum<\/strong><\/p>\n<p style=\"text-align: center;\"><strong>Internet<\/strong><\/p>\n<p style=\"text-align: center;\"><strong>\u00dcberschattete Terrassen<br \/><\/strong>Zugang vom Wohn-\/Schlafzimmer<br \/>Alle Terrassen-Schiebet\u00fcren mit M\u00fcckenschutzgitter und Rolll\u00e4den<br \/>Gro\u00dfer Terrassentisch mit gepolsterten St\u00fchlen<br \/>Gepolsterte Liegen<\/p>\n<p style=\"text-align: center;\"><strong>Eigener Parkplatz vor der Villa<\/strong><\/p>\t\t\t\t\t\t\t\t<\/div>\n\t\t\t\t<\/div>\n\t\t\t\t\t<\/div>\n\t\t<\/div>\n\t\t\t\t\t<\/div>\n\t\t<\/section>\n\t\t\t\t<section class=\"elementor-section elementor-top-section elementor-element elementor-element-65f581a elementor-section-boxed elementor-section-height-default elementor-section-height-default\" data-id=\"65f581a\" data-element_type=\"section\">\n\t\t\t\t\t\t<div class=\"elementor-container elementor-column-gap-default\">\n\t\t\t\t\t<div class=\"elementor-column elementor-col-100 elementor-top-column elementor-element elementor-element-603d876\" data-id=\"603d876\" data-element_type=\"column\">\n\t\t\t<div class=\"elementor-widget-wrap elementor-element-populated\">\n\t\t\t\t\t\t<div class=\"elementor-element elementor-element-49aaf09 elementor-widget elementor-widget-image\" data-id=\"49aaf09\" data-element_type=\"widget\" data-widget_type=\"image.default\">\n\t\t\t\t<div class=\"elementor-widget-container\">\n\t\t\t\t\t\t\t\t\t\t\t\t<figure class=\"wp-caption\">\n\t\t\t\t\t\t\t\t\t\t<img fetchpriority=\"high\" decoding=\"async\" width=\"790\" height=\"527\" src=\"https:\/\/whitevillas.biz\/wp-content\/uploads\/2020\/05\/MG_7485-HDR-1024x683.jpg\" class=\"attachment-large size-large wp-image-463\" alt=\"\" srcset=\"https:\/\/whitevillas.biz\/wp-content\/uploads\/2020\/05\/MG_7485-HDR-1024x683.jpg 1024w, https:\/\/whitevillas.biz\/wp-content\/uploads\/2020\/05\/MG_7485-HDR-300x200.jpg 300w, https:\/\/whitevillas.biz\/wp-content\/uploads\/2020\/05\/MG_7485-HDR-768x512.jpg 768w, https:\/\/whitevillas.biz\/wp-content\/uploads\/2020\/05\/MG_7485-HDR-1536x1025.jpg 1536w, https:\/\/whitevillas.biz\/wp-content\/uploads\/2020\/05\/MG_7485-HDR.jpg 1619w\" sizes=\"(max-width: 790px) 100vw, 790px\" \/>\t\t\t\t\t\t\t\t\t\t\t<figcaption class=\"widget-image-caption wp-caption-text\">Offener Wohn- &amp; Essbereich<\/figcaption>\n\t\t\t\t\t\t\t\t\t\t<\/figure>\n\t\t\t\t\t\t\t\t\t<\/div>\n\t\t\t\t<\/div>\n\t\t\t\t\t<\/div>\n\t\t<\/div>\n\t\t\t\t\t<\/div>\n\t\t<\/section>\n\t\t\t\t<section class=\"elementor-section elementor-top-section elementor-element elementor-element-1f79aeb elementor-section-boxed elementor-section-height-default elementor-section-height-default\" data-id=\"1f79aeb\" data-element_type=\"section\">\n\t\t\t\t\t\t<div class=\"elementor-container elementor-column-gap-default\">\n\t\t\t\t\t<div class=\"elementor-column elementor-col-100 elementor-top-column elementor-element elementor-element-f0b5893\" data-id=\"f0b5893\" data-element_type=\"column\">\n\t\t\t<div class=\"elementor-widget-wrap elementor-element-populated\">\n\t\t\t\t\t\t<div class=\"elementor-element elementor-element-bd0c78a elementor-widget elementor-widget-image\" data-id=\"bd0c78a\" data-element_type=\"widget\" data-widget_type=\"image.default\">\n\t\t\t\t<div class=\"elementor-widget-container\">\n\t\t\t\t\t\t\t\t\t\t\t\t<figure class=\"wp-caption\">\n\t\t\t\t\t\t\t\t\t\t<img decoding=\"async\" width=\"790\" height=\"527\" src=\"https:\/\/whitevillas.biz\/wp-content\/uploads\/2020\/05\/MG_7492-HDR-1024x683.jpg\" class=\"attachment-large size-large wp-image-464\" alt=\"\" srcset=\"https:\/\/whitevillas.biz\/wp-content\/uploads\/2020\/05\/MG_7492-HDR-1024x683.jpg 1024w, https:\/\/whitevillas.biz\/wp-content\/uploads\/2020\/05\/MG_7492-HDR-300x200.jpg 300w, https:\/\/whitevillas.biz\/wp-content\/uploads\/2020\/05\/MG_7492-HDR-768x512.jpg 768w, https:\/\/whitevillas.biz\/wp-content\/uploads\/2020\/05\/MG_7492-HDR-1536x1024.jpg 1536w, https:\/\/whitevillas.biz\/wp-content\/uploads\/2020\/05\/MG_7492-HDR.jpg 1620w\" sizes=\"(max-width: 790px) 100vw, 790px\" \/>\t\t\t\t\t\t\t\t\t\t\t<figcaption class=\"widget-image-caption wp-caption-text\">Offener Wohn- &amp; Essbereich<\/figcaption>\n\t\t\t\t\t\t\t\t\t\t<\/figure>\n\t\t\t\t\t\t\t\t\t<\/div>\n\t\t\t\t<\/div>\n\t\t\t\t\t<\/div>\n\t\t<\/div>\n\t\t\t\t\t<\/div>\n\t\t<\/section>\n\t\t\t\t<section class=\"elementor-section elementor-top-section elementor-element elementor-element-2ecd084 elementor-section-boxed elementor-section-height-default elementor-section-height-default\" data-id=\"2ecd084\" data-element_type=\"section\">\n\t\t\t\t\t\t<div class=\"elementor-container elementor-column-gap-default\">\n\t\t\t\t\t<div class=\"elementor-column elementor-col-100 elementor-top-column elementor-element elementor-element-1ef2bc3\" data-id=\"1ef2bc3\" data-element_type=\"column\">\n\t\t\t<div class=\"elementor-widget-wrap elementor-element-populated\">\n\t\t\t\t\t\t<div class=\"elementor-element elementor-element-e86665b elementor-widget elementor-widget-image\" data-id=\"e86665b\" data-element_type=\"widget\" data-widget_type=\"image.default\">\n\t\t\t\t<div class=\"elementor-widget-container\">\n\t\t\t\t\t\t\t\t\t\t\t\t<figure class=\"wp-caption\">\n\t\t\t\t\t\t\t\t\t\t<img decoding=\"async\" width=\"790\" height=\"527\" src=\"https:\/\/whitevillas.biz\/wp-content\/uploads\/2020\/05\/MG_7510-1024x683.jpg\" class=\"attachment-large size-large wp-image-465\" alt=\"\" srcset=\"https:\/\/whitevillas.biz\/wp-content\/uploads\/2020\/05\/MG_7510-1024x683.jpg 1024w, https:\/\/whitevillas.biz\/wp-content\/uploads\/2020\/05\/MG_7510-300x200.jpg 300w, https:\/\/whitevillas.biz\/wp-content\/uploads\/2020\/05\/MG_7510-768x512.jpg 768w, https:\/\/whitevillas.biz\/wp-content\/uploads\/2020\/05\/MG_7510-1536x1024.jpg 1536w, https:\/\/whitevillas.biz\/wp-content\/uploads\/2020\/05\/MG_7510.jpg 1620w\" sizes=\"(max-width: 790px) 100vw, 790px\" \/>\t\t\t\t\t\t\t\t\t\t\t<figcaption class=\"widget-image-caption wp-caption-text\">Komplett ausgestattete K\u00fcchen-Eckzeile<\/figcaption>\n\t\t\t\t\t\t\t\t\t\t<\/figure>\n\t\t\t\t\t\t\t\t\t<\/div>\n\t\t\t\t<\/div>\n\t\t\t\t\t<\/div>\n\t\t<\/div>\n\t\t\t\t\t<\/div>\n\t\t<\/section>\n\t\t\t\t<section class=\"elementor-section elementor-top-section elementor-element elementor-element-20b36b0 elementor-section-boxed elementor-section-height-default elementor-section-height-default\" data-id=\"20b36b0\" data-element_type=\"section\">\n\t\t\t\t\t\t<div class=\"elementor-container elementor-column-gap-default\">\n\t\t\t\t\t<div class=\"elementor-column elementor-col-100 elementor-top-column elementor-element elementor-element-3697295\" data-id=\"3697295\" data-element_type=\"column\">\n\t\t\t<div class=\"elementor-widget-wrap elementor-element-populated\">\n\t\t\t\t\t\t<div class=\"elementor-element elementor-element-48b7e6b elementor-widget elementor-widget-image\" data-id=\"48b7e6b\" data-element_type=\"widget\" data-widget_type=\"image.default\">\n\t\t\t\t<div class=\"elementor-widget-container\">\n\t\t\t\t\t\t\t\t\t\t\t\t<figure class=\"wp-caption\">\n\t\t\t\t\t\t\t\t\t\t<img loading=\"lazy\" decoding=\"async\" width=\"790\" height=\"527\" src=\"https:\/\/whitevillas.biz\/wp-content\/uploads\/2020\/05\/MG_7513-HDR-1024x683.jpg\" class=\"attachment-large size-large wp-image-466\" alt=\"\" srcset=\"https:\/\/whitevillas.biz\/wp-content\/uploads\/2020\/05\/MG_7513-HDR-1024x683.jpg 1024w, https:\/\/whitevillas.biz\/wp-content\/uploads\/2020\/05\/MG_7513-HDR-300x200.jpg 300w, https:\/\/whitevillas.biz\/wp-content\/uploads\/2020\/05\/MG_7513-HDR-768x512.jpg 768w, https:\/\/whitevillas.biz\/wp-content\/uploads\/2020\/05\/MG_7513-HDR-1536x1024.jpg 1536w, https:\/\/whitevillas.biz\/wp-content\/uploads\/2020\/05\/MG_7513-HDR.jpg 1620w\" sizes=\"(max-width: 790px) 100vw, 790px\" \/>\t\t\t\t\t\t\t\t\t\t\t<figcaption class=\"widget-image-caption wp-caption-text\">Schlafzimmer \"Neda Waterfalls\"<\/figcaption>\n\t\t\t\t\t\t\t\t\t\t<\/figure>\n\t\t\t\t\t\t\t\t\t<\/div>\n\t\t\t\t<\/div>\n\t\t\t\t\t<\/div>\n\t\t<\/div>\n\t\t\t\t\t<\/div>\n\t\t<\/section>\n\t\t\t\t<section class=\"elementor-section elementor-top-section elementor-element elementor-element-1e9361b elementor-section-boxed elementor-section-height-default elementor-section-height-default\" data-id=\"1e9361b\" data-element_type=\"section\">\n\t\t\t\t\t\t<div class=\"elementor-container elementor-column-gap-default\">\n\t\t\t\t\t<div class=\"elementor-column elementor-col-100 elementor-top-column elementor-element elementor-element-2cb0e74\" data-id=\"2cb0e74\" data-element_type=\"column\">\n\t\t\t<div class=\"elementor-widget-wrap elementor-element-populated\">\n\t\t\t\t\t\t<div class=\"elementor-element elementor-element-84893d6 elementor-widget elementor-widget-image\" data-id=\"84893d6\" data-element_type=\"widget\" data-widget_type=\"image.default\">\n\t\t\t\t<div class=\"elementor-widget-container\">\n\t\t\t\t\t\t\t\t\t\t\t\t<figure class=\"wp-caption\">\n\t\t\t\t\t\t\t\t\t\t<img loading=\"lazy\" decoding=\"async\" width=\"683\" height=\"1024\" src=\"https:\/\/whitevillas.biz\/wp-content\/uploads\/2020\/05\/MG_7539-Edit-683x1024.jpg\" class=\"attachment-large size-large wp-image-467\" alt=\"\" srcset=\"https:\/\/whitevillas.biz\/wp-content\/uploads\/2020\/05\/MG_7539-Edit-683x1024.jpg 683w, https:\/\/whitevillas.biz\/wp-content\/uploads\/2020\/05\/MG_7539-Edit-200x300.jpg 200w, https:\/\/whitevillas.biz\/wp-content\/uploads\/2020\/05\/MG_7539-Edit.jpg 720w\" sizes=\"(max-width: 683px) 100vw, 683px\" \/>\t\t\t\t\t\t\t\t\t\t\t<figcaption class=\"widget-image-caption wp-caption-text\">Badezimmer \"Neda Waterfalls\"<\/figcaption>\n\t\t\t\t\t\t\t\t\t\t<\/figure>\n\t\t\t\t\t\t\t\t\t<\/div>\n\t\t\t\t<\/div>\n\t\t\t\t\t<\/div>\n\t\t<\/div>\n\t\t\t\t\t<\/div>\n\t\t<\/section>\n\t\t\t\t<section class=\"elementor-section elementor-top-section elementor-element elementor-element-493b443 elementor-section-boxed elementor-section-height-default elementor-section-height-default\" data-id=\"493b443\" data-element_type=\"section\">\n\t\t\t\t\t\t<div class=\"elementor-container elementor-column-gap-default\">\n\t\t\t\t\t<div class=\"elementor-column elementor-col-100 elementor-top-column elementor-element elementor-element-67c3670\" data-id=\"67c3670\" data-element_type=\"column\">\n\t\t\t<div class=\"elementor-widget-wrap elementor-element-populated\">\n\t\t\t\t\t\t<div class=\"elementor-element elementor-element-f846dba elementor-widget elementor-widget-image\" data-id=\"f846dba\" data-element_type=\"widget\" data-widget_type=\"image.default\">\n\t\t\t\t<div class=\"elementor-widget-container\">\n\t\t\t\t\t\t\t\t\t\t\t\t<figure class=\"wp-caption\">\n\t\t\t\t\t\t\t\t\t\t<img loading=\"lazy\" decoding=\"async\" width=\"683\" height=\"1024\" src=\"https:\/\/whitevillas.biz\/wp-content\/uploads\/2020\/05\/MG_7408-683x1024.jpg\" class=\"attachment-large size-large wp-image-459\" alt=\"\" srcset=\"https:\/\/whitevillas.biz\/wp-content\/uploads\/2020\/05\/MG_7408-683x1024.jpg 683w, https:\/\/whitevillas.biz\/wp-content\/uploads\/2020\/05\/MG_7408-200x300.jpg 200w, https:\/\/whitevillas.biz\/wp-content\/uploads\/2020\/05\/MG_7408-768x1152.jpg 768w, https:\/\/whitevillas.biz\/wp-content\/uploads\/2020\/05\/MG_7408-1024x1536.jpg 1024w, https:\/\/whitevillas.biz\/wp-content\/uploads\/2020\/05\/MG_7408-1365x2048.jpg 1365w, https:\/\/whitevillas.biz\/wp-content\/uploads\/2020\/05\/MG_7408-scaled.jpg 1706w\" sizes=\"(max-width: 683px) 100vw, 683px\" \/>\t\t\t\t\t\t\t\t\t\t\t<figcaption class=\"widget-image-caption wp-caption-text\">Private Pool<\/figcaption>\n\t\t\t\t\t\t\t\t\t\t<\/figure>\n\t\t\t\t\t\t\t\t\t<\/div>\n\t\t\t\t<\/div>\n\t\t\t\t\t<\/div>\n\t\t<\/div>\n\t\t\t\t\t<\/div>\n\t\t<\/section>\n\t\t\t\t<section class=\"elementor-section elementor-top-section elementor-element elementor-element-4a0903f elementor-section-boxed elementor-section-height-default elementor-section-height-default\" data-id=\"4a0903f\" data-element_type=\"section\">\n\t\t\t\t\t\t<div class=\"elementor-container elementor-column-gap-default\">\n\t\t\t\t\t<div class=\"elementor-column elementor-col-100 elementor-top-column elementor-element elementor-element-8044281\" data-id=\"8044281\" data-element_type=\"column\">\n\t\t\t<div class=\"elementor-widget-wrap elementor-element-populated\">\n\t\t\t\t\t\t<div class=\"elementor-element elementor-element-3ab9dbe elementor-widget elementor-widget-image\" data-id=\"3ab9dbe\" data-element_type=\"widget\" data-widget_type=\"image.default\">\n\t\t\t\t<div class=\"elementor-widget-container\">\n\t\t\t\t\t\t\t\t\t\t\t\t<figure class=\"wp-caption\">\n\t\t\t\t\t\t\t\t\t\t<img loading=\"lazy\" decoding=\"async\" width=\"683\" height=\"1024\" src=\"https:\/\/whitevillas.biz\/wp-content\/uploads\/2020\/05\/MG_7879-683x1024.jpg\" class=\"attachment-large size-large wp-image-475\" alt=\"\" srcset=\"https:\/\/whitevillas.biz\/wp-content\/uploads\/2020\/05\/MG_7879-683x1024.jpg 683w, https:\/\/whitevillas.biz\/wp-content\/uploads\/2020\/05\/MG_7879-200x300.jpg 200w, https:\/\/whitevillas.biz\/wp-content\/uploads\/2020\/05\/MG_7879.jpg 720w\" sizes=\"(max-width: 683px) 100vw, 683px\" \/>\t\t\t\t\t\t\t\t\t\t\t<figcaption class=\"widget-image-caption wp-caption-text\">Seitliche Terrasse<\/figcaption>\n\t\t\t\t\t\t\t\t\t\t<\/figure>\n\t\t\t\t\t\t\t\t\t<\/div>\n\t\t\t\t<\/div>\n\t\t\t\t\t<\/div>\n\t\t<\/div>\n\t\t\t\t\t<\/div>\n\t\t<\/section>\n\t\t\t\t<section class=\"elementor-section elementor-top-section elementor-element elementor-element-66a98c9 elementor-section-boxed elementor-section-height-default elementor-section-height-default\" data-id=\"66a98c9\" data-element_type=\"section\">\n\t\t\t\t\t\t<div class=\"elementor-container elementor-column-gap-default\">\n\t\t\t\t\t<div class=\"elementor-column elementor-col-100 elementor-top-column elementor-element elementor-element-1099852\" data-id=\"1099852\" data-element_type=\"column\">\n\t\t\t<div class=\"elementor-widget-wrap elementor-element-populated\">\n\t\t\t\t\t\t<div class=\"elementor-element elementor-element-9b7f09d elementor-widget elementor-widget-image\" data-id=\"9b7f09d\" data-element_type=\"widget\" data-widget_type=\"image.default\">\n\t\t\t\t<div class=\"elementor-widget-container\">\n\t\t\t\t\t\t\t\t\t\t\t\t\t\t\t<img loading=\"lazy\" decoding=\"async\" width=\"790\" height=\"527\" src=\"https:\/\/whitevillas.biz\/wp-content\/uploads\/2020\/05\/MG_7415-1024x683.jpg\" class=\"attachment-large size-large wp-image-461\" alt=\"\" srcset=\"https:\/\/whitevillas.biz\/wp-content\/uploads\/2020\/05\/MG_7415-1024x683.jpg 1024w, https:\/\/whitevillas.biz\/wp-content\/uploads\/2020\/05\/MG_7415-300x200.jpg 300w, https:\/\/whitevillas.biz\/wp-content\/uploads\/2020\/05\/MG_7415-768x512.jpg 768w, https:\/\/whitevillas.biz\/wp-content\/uploads\/2020\/05\/MG_7415-1536x1024.jpg 1536w, https:\/\/whitevillas.biz\/wp-content\/uploads\/2020\/05\/MG_7415-2048x1365.jpg 2048w\" sizes=\"(max-width: 790px) 100vw, 790px\" \/>\t\t\t\t\t\t\t\t\t\t\t\t\t\t\t<\/div>\n\t\t\t\t<\/div>\n\t\t\t\t\t<\/div>\n\t\t<\/div>\n\t\t\t\t\t<\/div>\n\t\t<\/section>\n\t\t\t\t<section class=\"elementor-section elementor-top-section elementor-element elementor-element-9d8892f elementor-section-boxed elementor-section-height-default elementor-section-height-default\" data-id=\"9d8892f\" data-element_type=\"section\">\n\t\t\t\t\t\t<div class=\"elementor-container elementor-column-gap-default\">\n\t\t\t\t\t<div class=\"elementor-column elementor-col-100 elementor-top-column elementor-element elementor-element-a0db4e3\" data-id=\"a0db4e3\" data-element_type=\"column\">\n\t\t\t<div class=\"elementor-widget-wrap elementor-element-populated\">\n\t\t\t\t\t\t<div class=\"elementor-element elementor-element-a0a4513 elementor-widget elementor-widget-image\" data-id=\"a0a4513\" data-element_type=\"widget\" data-widget_type=\"image.default\">\n\t\t\t\t<div class=\"elementor-widget-container\">\n\t\t\t\t\t\t\t\t\t\t\t\t\t\t\t<img loading=\"lazy\" decoding=\"async\" width=\"790\" height=\"555\" src=\"https:\/\/whitevillas.biz\/wp-content\/uploads\/2020\/05\/Private-Pool-Villa-Grundriss-1024x720.jpg\" class=\"attachment-large size-large wp-image-375\" alt=\"\" srcset=\"https:\/\/whitevillas.biz\/wp-content\/uploads\/2020\/05\/Private-Pool-Villa-Grundriss-1024x720.jpg 1024w, https:\/\/whitevillas.biz\/wp-content\/uploads\/2020\/05\/Private-Pool-Villa-Grundriss-300x211.jpg 300w, https:\/\/whitevillas.biz\/wp-content\/uploads\/2020\/05\/Private-Pool-Villa-Grundriss-768x540.jpg 768w, https:\/\/whitevillas.biz\/wp-content\/uploads\/2020\/05\/Private-Pool-Villa-Grundriss-1536x1080.jpg 1536w, https:\/\/whitevillas.biz\/wp-content\/uploads\/2020\/05\/Private-Pool-Villa-Grundriss-2048x1440.jpg 2048w\" sizes=\"(max-width: 790px) 100vw, 790px\" \/>\t\t\t\t\t\t\t\t\t\t\t\t\t\t\t<\/div>\n\t\t\t\t<\/div>\n\t\t\t\t\t<\/div>\n\t\t<\/div>\n\t\t\t\t\t<\/div>\n\t\t<\/section>\n\t\t\t\t<\/div>\n\t\t","protected":false},"excerpt":{"rendered":"<p>Schlaf- &amp; Badezimmer &#8222;Neda Waterfalls&#8220;Doppelbett 180 cm x 200 cm42\u2033 Fernseher (Satelliten-TV)Begehbare Dusche, Eckwaschtisch, WC, F\u00f6n Offener Wohn- &amp; EssbereichGro\u00dfer, moderner Esstisch f\u00fcr bis zu 6 PersonenBequeme Polsterecke(vollwertige Schlafm\u00f6glichkeit f\u00fcr bis zu 2 Personen \u2013 nicht nur f\u00fcr Kinder!)42\u2033 Fernseher <a href=\"https:\/\/whitevillas.biz\/index.php\/private_pool_villa\/\" class=\"more-link\">Weiterlesen<\/a><\/p>\n","protected":false},"author":1,"featured_media":412,"parent":0,"menu_order":0,"comment_status":"closed","ping_status":"closed","template":"","meta":{"inline_featured_image":false,"footnotes":""},"class_list":["post-83","page","type-page","status-publish","has-post-thumbnail","hentry"],"_links":{"self":[{"href":"https:\/\/whitevillas.biz\/index.php\/wp-json\/wp\/v2\/pages\/83","targetHints":{"allow":["GET"]}}],"collection":[{"href":"https:\/\/whitevillas.biz\/index.php\/wp-json\/wp\/v2\/pages"}],"about":[{"href":"https:\/\/whitevillas.biz\/index.php\/wp-json\/wp\/v2\/types\/page"}],"author":[{"embeddable":true,"href":"https:\/\/whitevillas.biz\/index.php\/wp-json\/wp\/v2\/users\/1"}],"replies":[{"embeddable":true,"href":"https:\/\/whitevillas.biz\/index.php\/wp-json\/wp\/v2\/comments?post=83"}],"version-history":[{"count":21,"href":"https:\/\/whitevillas.biz\/index.php\/wp-json\/wp\/v2\/pages\/83\/revisions"}],"predecessor-version":[{"id":1147,"href":"https:\/\/whitevillas.biz\/index.php\/wp-json\/wp\/v2\/pages\/83\/revisions\/1147"}],"wp:featuredmedia":[{"embeddable":true,"href":"https:\/\/whitevillas.biz\/index.php\/wp-json\/wp\/v2\/media\/412"}],"wp:attachment":[{"href":"https:\/\/whitevillas.biz\/index.php\/wp-json\/wp\/v2\/media?parent=83"}],"curies":[{"name":"wp","href":"https:\/\/api.w.org\/{rel}","templated":true}]}}