{"id":81,"date":"2019-06-09T07:23:06","date_gmt":"2019-06-09T07:23:06","guid":{"rendered":"http:\/\/localhost\/hotel-romantica\/?page_id=81"},"modified":"2021-03-07T10:43:03","modified_gmt":"2021-03-07T09:43:03","slug":"beach_villa","status":"publish","type":"page","link":"https:\/\/whitevillas.biz\/index.php\/beach_villa\/","title":{"rendered":"Beach Villa"},"content":{"rendered":"\t\t<div data-elementor-type=\"wp-page\" data-elementor-id=\"81\" class=\"elementor elementor-81\">\n\t\t\t\t\t\t<section class=\"elementor-section elementor-top-section elementor-element elementor-element-344cd2ec elementor-section-boxed elementor-section-height-default elementor-section-height-default\" data-id=\"344cd2ec\" data-element_type=\"section\">\n\t\t\t\t\t\t<div class=\"elementor-container elementor-column-gap-default\">\n\t\t\t\t\t<div class=\"elementor-column elementor-col-100 elementor-top-column elementor-element elementor-element-1924fe3a\" data-id=\"1924fe3a\" data-element_type=\"column\">\n\t\t\t<div class=\"elementor-widget-wrap elementor-element-populated\">\n\t\t\t\t\t\t<div class=\"elementor-element elementor-element-53cdbbce elementor-widget elementor-widget-text-editor\" data-id=\"53cdbbce\" data-element_type=\"widget\" data-widget_type=\"text-editor.default\">\n\t\t\t\t<div class=\"elementor-widget-container\">\n\t\t\t\t\t\t\t\t\t<p style=\"text-align: center;\"><strong>Schlaf- &amp; Badezimmer &#8222;Navajo Bay &#8211; Zakynthos&#8220;<\/strong><br \/>Doppelbett 180 cm x 200 cm<br \/>42\u2033 Fernseher (Satelliten-TV)<br \/>Badewanne, Doppelwaschtisch, WC, F\u00f6n<\/p>\n<p style=\"text-align: center;\"><strong>Schlaf- &amp; Badezimmer en Suite &#8222;Neda Waterfalls&#8220;<\/strong><br \/>Doppelbett 180 cm x 200 cm<br \/>42\u2033 Fernseher (Satelliten-TV)<br \/>Begehbare Dusche, Eckwaschtisch, WC, F\u00f6n<\/p>\n<p style=\"text-align: center;\"><strong>Offener Wohn- &amp; Essbereich<\/strong><br \/>Gro\u00dfer, moderner Esstisch f\u00fcr bis zu 6 Personen<br \/>Bequeme Polsterecke<br \/>(vollwertige Schlafm\u00f6glichkeit f\u00fcr bis zu 2 Personen \u2013 nicht nur f\u00fcr Kinder!)<br \/>42\u2033 Fernseher (Satelliten-TV) und Stereoanlage<\/p>\n<p style=\"text-align: center;\"><strong>Komplett ausgestattete K\u00fcchenzeile<\/strong><br \/>Gro\u00dfer K\u00fchl-Gefrier-Kombinationsschrank<br \/>Backofen, Ceranfeld, Dunstabzug<br \/>Mikrowelle, Geschirrsp\u00fcler, Sp\u00fcle<br \/>Kaffeemaschine, Wasserkocher, Toaster<br \/>Sandwichmaker\/Waffeleisen\/Kontaktgrill<br \/>Komplette K\u00fcchenausstattung (Koch- und Essgeschirr)<\/p>\n<p style=\"text-align: center;\"><strong>Klimaanlage in allen Schlaf- und Wohnr\u00e4umen<\/strong><\/p>\n<p style=\"text-align: center;\"><strong>Internet<\/strong><\/p>\n<p style=\"text-align: center;\"><strong>\u00dcberschattete Terrassen<\/strong><br \/>Zugang von allen Wohn-\/Schlafzimmern<br \/>Alle Terrassen-Schiebet\u00fcren mit M\u00fcckenschutzgitter und Rolll\u00e4den<br \/>Gro\u00dfer Terrassentisch mit gepolsterten St\u00fchlen<br \/>Gepolsterte Liegen<\/p>\n<p style=\"text-align: center;\"><strong>Eigener Parkplatz vor der Villa<\/strong><\/p>\t\t\t\t\t\t\t\t<\/div>\n\t\t\t\t<\/div>\n\t\t\t\t\t<\/div>\n\t\t<\/div>\n\t\t\t\t\t<\/div>\n\t\t<\/section>\n\t\t\t\t<section class=\"elementor-section elementor-top-section elementor-element elementor-element-d9b8fa4 elementor-section-boxed elementor-section-height-default elementor-section-height-default\" data-id=\"d9b8fa4\" data-element_type=\"section\">\n\t\t\t\t\t\t<div class=\"elementor-container elementor-column-gap-default\">\n\t\t\t\t\t<div class=\"elementor-column elementor-col-100 elementor-top-column elementor-element elementor-element-536755d\" data-id=\"536755d\" data-element_type=\"column\">\n\t\t\t<div class=\"elementor-widget-wrap elementor-element-populated\">\n\t\t\t\t\t\t<div class=\"elementor-element elementor-element-4eab951 elementor-widget elementor-widget-image\" data-id=\"4eab951\" data-element_type=\"widget\" data-widget_type=\"image.default\">\n\t\t\t\t<div class=\"elementor-widget-container\">\n\t\t\t\t\t\t\t\t\t\t\t\t<figure class=\"wp-caption\">\n\t\t\t\t\t\t\t\t\t\t<img fetchpriority=\"high\" decoding=\"async\" width=\"790\" height=\"527\" src=\"https:\/\/whitevillas.biz\/wp-content\/uploads\/2020\/05\/MG_7907-1024x683.jpg\" class=\"attachment-large size-large wp-image-425\" alt=\"\" srcset=\"https:\/\/whitevillas.biz\/wp-content\/uploads\/2020\/05\/MG_7907-1024x683.jpg 1024w, https:\/\/whitevillas.biz\/wp-content\/uploads\/2020\/05\/MG_7907-300x200.jpg 300w, https:\/\/whitevillas.biz\/wp-content\/uploads\/2020\/05\/MG_7907-768x512.jpg 768w, https:\/\/whitevillas.biz\/wp-content\/uploads\/2020\/05\/MG_7907-1536x1024.jpg 1536w, https:\/\/whitevillas.biz\/wp-content\/uploads\/2020\/05\/MG_7907.jpg 1620w\" sizes=\"(max-width: 790px) 100vw, 790px\" \/>\t\t\t\t\t\t\t\t\t\t\t<figcaption class=\"widget-image-caption wp-caption-text\">Blick vom Poolbereich auf die Beach Villa<\/figcaption>\n\t\t\t\t\t\t\t\t\t\t<\/figure>\n\t\t\t\t\t\t\t\t\t<\/div>\n\t\t\t\t<\/div>\n\t\t\t\t\t<\/div>\n\t\t<\/div>\n\t\t\t\t\t<\/div>\n\t\t<\/section>\n\t\t\t\t<section class=\"elementor-section elementor-top-section elementor-element elementor-element-72f48ff elementor-section-boxed elementor-section-height-default elementor-section-height-default\" data-id=\"72f48ff\" data-element_type=\"section\">\n\t\t\t\t\t\t<div class=\"elementor-container elementor-column-gap-default\">\n\t\t\t\t\t<div class=\"elementor-column elementor-col-100 elementor-top-column elementor-element elementor-element-b3e44d2\" data-id=\"b3e44d2\" data-element_type=\"column\">\n\t\t\t<div class=\"elementor-widget-wrap elementor-element-populated\">\n\t\t\t\t\t\t<div class=\"elementor-element elementor-element-18eaf0a elementor-widget elementor-widget-image\" data-id=\"18eaf0a\" data-element_type=\"widget\" data-widget_type=\"image.default\">\n\t\t\t\t<div class=\"elementor-widget-container\">\n\t\t\t\t\t\t\t\t\t\t\t\t<figure class=\"wp-caption\">\n\t\t\t\t\t\t\t\t\t\t<img decoding=\"async\" width=\"790\" height=\"527\" src=\"https:\/\/whitevillas.biz\/wp-content\/uploads\/2020\/05\/MG_7119-HDR-1-1024x683.jpg\" class=\"attachment-large size-large wp-image-421\" alt=\"\" srcset=\"https:\/\/whitevillas.biz\/wp-content\/uploads\/2020\/05\/MG_7119-HDR-1-1024x683.jpg 1024w, https:\/\/whitevillas.biz\/wp-content\/uploads\/2020\/05\/MG_7119-HDR-1-300x200.jpg 300w, https:\/\/whitevillas.biz\/wp-content\/uploads\/2020\/05\/MG_7119-HDR-1-768x512.jpg 768w, https:\/\/whitevillas.biz\/wp-content\/uploads\/2020\/05\/MG_7119-HDR-1-1536x1024.jpg 1536w, https:\/\/whitevillas.biz\/wp-content\/uploads\/2020\/05\/MG_7119-HDR-1.jpg 1620w\" sizes=\"(max-width: 790px) 100vw, 790px\" \/>\t\t\t\t\t\t\t\t\t\t\t<figcaption class=\"widget-image-caption wp-caption-text\">Wohnzimmer<\/figcaption>\n\t\t\t\t\t\t\t\t\t\t<\/figure>\n\t\t\t\t\t\t\t\t\t<\/div>\n\t\t\t\t<\/div>\n\t\t\t\t\t<\/div>\n\t\t<\/div>\n\t\t\t\t\t<\/div>\n\t\t<\/section>\n\t\t\t\t<section class=\"elementor-section elementor-top-section elementor-element elementor-element-824ad88 elementor-section-boxed elementor-section-height-default elementor-section-height-default\" data-id=\"824ad88\" data-element_type=\"section\">\n\t\t\t\t\t\t<div class=\"elementor-container elementor-column-gap-default\">\n\t\t\t\t\t<div class=\"elementor-column elementor-col-100 elementor-top-column elementor-element elementor-element-6e1918d\" data-id=\"6e1918d\" data-element_type=\"column\">\n\t\t\t<div class=\"elementor-widget-wrap elementor-element-populated\">\n\t\t\t\t\t\t<div class=\"elementor-element elementor-element-358d0fb elementor-widget elementor-widget-image\" data-id=\"358d0fb\" data-element_type=\"widget\" data-widget_type=\"image.default\">\n\t\t\t\t<div class=\"elementor-widget-container\">\n\t\t\t\t\t\t\t\t\t\t\t\t<figure class=\"wp-caption\">\n\t\t\t\t\t\t\t\t\t\t<img decoding=\"async\" width=\"790\" height=\"527\" src=\"https:\/\/whitevillas.biz\/wp-content\/uploads\/2020\/05\/MG_7070-1-1024x683.jpg\" class=\"attachment-large size-large wp-image-420\" alt=\"\" srcset=\"https:\/\/whitevillas.biz\/wp-content\/uploads\/2020\/05\/MG_7070-1-1024x683.jpg 1024w, https:\/\/whitevillas.biz\/wp-content\/uploads\/2020\/05\/MG_7070-1-300x200.jpg 300w, https:\/\/whitevillas.biz\/wp-content\/uploads\/2020\/05\/MG_7070-1-768x512.jpg 768w, https:\/\/whitevillas.biz\/wp-content\/uploads\/2020\/05\/MG_7070-1-1536x1024.jpg 1536w, https:\/\/whitevillas.biz\/wp-content\/uploads\/2020\/05\/MG_7070-1.jpg 1620w\" sizes=\"(max-width: 790px) 100vw, 790px\" \/>\t\t\t\t\t\t\t\t\t\t\t<figcaption class=\"widget-image-caption wp-caption-text\">Integrierter, vollausgestatteter K\u00fcchenbereich<\/figcaption>\n\t\t\t\t\t\t\t\t\t\t<\/figure>\n\t\t\t\t\t\t\t\t\t<\/div>\n\t\t\t\t<\/div>\n\t\t\t\t\t<\/div>\n\t\t<\/div>\n\t\t\t\t\t<\/div>\n\t\t<\/section>\n\t\t\t\t<section class=\"elementor-section elementor-top-section elementor-element elementor-element-8b27f9a elementor-section-boxed elementor-section-height-default elementor-section-height-default\" data-id=\"8b27f9a\" data-element_type=\"section\">\n\t\t\t\t\t\t<div class=\"elementor-container elementor-column-gap-default\">\n\t\t\t\t\t<div class=\"elementor-column elementor-col-100 elementor-top-column elementor-element elementor-element-5055f5d\" data-id=\"5055f5d\" data-element_type=\"column\">\n\t\t\t<div class=\"elementor-widget-wrap elementor-element-populated\">\n\t\t\t\t\t\t<div class=\"elementor-element elementor-element-85e5f4b elementor-widget elementor-widget-image\" data-id=\"85e5f4b\" data-element_type=\"widget\" data-widget_type=\"image.default\">\n\t\t\t\t<div class=\"elementor-widget-container\">\n\t\t\t\t\t\t\t\t\t\t\t\t<figure class=\"wp-caption\">\n\t\t\t\t\t\t\t\t\t\t<img loading=\"lazy\" decoding=\"async\" width=\"790\" height=\"551\" src=\"https:\/\/whitevillas.biz\/wp-content\/uploads\/2020\/05\/MG_6866-HDR-1-1024x714.jpg\" class=\"attachment-large size-large wp-image-413\" alt=\"\" srcset=\"https:\/\/whitevillas.biz\/wp-content\/uploads\/2020\/05\/MG_6866-HDR-1-1024x714.jpg 1024w, https:\/\/whitevillas.biz\/wp-content\/uploads\/2020\/05\/MG_6866-HDR-1-300x209.jpg 300w, https:\/\/whitevillas.biz\/wp-content\/uploads\/2020\/05\/MG_6866-HDR-1-768x536.jpg 768w, https:\/\/whitevillas.biz\/wp-content\/uploads\/2020\/05\/MG_6866-HDR-1-1536x1072.jpg 1536w, https:\/\/whitevillas.biz\/wp-content\/uploads\/2020\/05\/MG_6866-HDR-1.jpg 1548w\" sizes=\"(max-width: 790px) 100vw, 790px\" \/>\t\t\t\t\t\t\t\t\t\t\t<figcaption class=\"widget-image-caption wp-caption-text\">Schlafzimmer \"Navajo Bay - Zakynthos\"<\/figcaption>\n\t\t\t\t\t\t\t\t\t\t<\/figure>\n\t\t\t\t\t\t\t\t\t<\/div>\n\t\t\t\t<\/div>\n\t\t\t\t\t<\/div>\n\t\t<\/div>\n\t\t\t\t\t<\/div>\n\t\t<\/section>\n\t\t\t\t<section class=\"elementor-section elementor-top-section elementor-element elementor-element-68fcc40 elementor-section-boxed elementor-section-height-default elementor-section-height-default\" data-id=\"68fcc40\" data-element_type=\"section\">\n\t\t\t\t\t\t<div class=\"elementor-container elementor-column-gap-default\">\n\t\t\t\t\t<div class=\"elementor-column elementor-col-100 elementor-top-column elementor-element elementor-element-4463e1d\" data-id=\"4463e1d\" data-element_type=\"column\">\n\t\t\t<div class=\"elementor-widget-wrap elementor-element-populated\">\n\t\t\t\t\t\t<div class=\"elementor-element elementor-element-777f9cb elementor-widget elementor-widget-image\" data-id=\"777f9cb\" data-element_type=\"widget\" data-widget_type=\"image.default\">\n\t\t\t\t<div class=\"elementor-widget-container\">\n\t\t\t\t\t\t\t\t\t\t\t\t<figure class=\"wp-caption\">\n\t\t\t\t\t\t\t\t\t\t<img loading=\"lazy\" decoding=\"async\" width=\"683\" height=\"1024\" src=\"https:\/\/whitevillas.biz\/wp-content\/uploads\/2020\/05\/MG_6893-1-683x1024.jpg\" class=\"attachment-large size-large wp-image-414\" alt=\"\" srcset=\"https:\/\/whitevillas.biz\/wp-content\/uploads\/2020\/05\/MG_6893-1-683x1024.jpg 683w, https:\/\/whitevillas.biz\/wp-content\/uploads\/2020\/05\/MG_6893-1-200x300.jpg 200w, https:\/\/whitevillas.biz\/wp-content\/uploads\/2020\/05\/MG_6893-1.jpg 720w\" sizes=\"(max-width: 683px) 100vw, 683px\" \/>\t\t\t\t\t\t\t\t\t\t\t<figcaption class=\"widget-image-caption wp-caption-text\">Badezimmer \"Navajo Bay - Zakynthos\"<\/figcaption>\n\t\t\t\t\t\t\t\t\t\t<\/figure>\n\t\t\t\t\t\t\t\t\t<\/div>\n\t\t\t\t<\/div>\n\t\t\t\t\t<\/div>\n\t\t<\/div>\n\t\t\t\t\t<\/div>\n\t\t<\/section>\n\t\t\t\t<section class=\"elementor-section elementor-top-section elementor-element elementor-element-2330a29 elementor-section-boxed elementor-section-height-default elementor-section-height-default\" data-id=\"2330a29\" data-element_type=\"section\">\n\t\t\t\t\t\t<div class=\"elementor-container elementor-column-gap-default\">\n\t\t\t\t\t<div class=\"elementor-column elementor-col-100 elementor-top-column elementor-element elementor-element-8007d32\" data-id=\"8007d32\" data-element_type=\"column\">\n\t\t\t<div class=\"elementor-widget-wrap elementor-element-populated\">\n\t\t\t\t\t\t<div class=\"elementor-element elementor-element-fb99419 elementor-widget elementor-widget-image\" data-id=\"fb99419\" data-element_type=\"widget\" data-widget_type=\"image.default\">\n\t\t\t\t<div class=\"elementor-widget-container\">\n\t\t\t\t\t\t\t\t\t\t\t\t<figure class=\"wp-caption\">\n\t\t\t\t\t\t\t\t\t\t<img loading=\"lazy\" decoding=\"async\" width=\"683\" height=\"1024\" src=\"https:\/\/whitevillas.biz\/wp-content\/uploads\/2020\/05\/MG_6939-HDR-683x1024.jpg\" class=\"attachment-large size-large wp-image-417\" alt=\"\" srcset=\"https:\/\/whitevillas.biz\/wp-content\/uploads\/2020\/05\/MG_6939-HDR-683x1024.jpg 683w, https:\/\/whitevillas.biz\/wp-content\/uploads\/2020\/05\/MG_6939-HDR-200x300.jpg 200w, https:\/\/whitevillas.biz\/wp-content\/uploads\/2020\/05\/MG_6939-HDR.jpg 720w\" sizes=\"(max-width: 683px) 100vw, 683px\" \/>\t\t\t\t\t\t\t\t\t\t\t<figcaption class=\"widget-image-caption wp-caption-text\">Schlafzimmer \"Neda Waterfalls\"<\/figcaption>\n\t\t\t\t\t\t\t\t\t\t<\/figure>\n\t\t\t\t\t\t\t\t\t<\/div>\n\t\t\t\t<\/div>\n\t\t\t\t<div class=\"elementor-element elementor-element-ae08eb9 elementor-widget elementor-widget-image\" data-id=\"ae08eb9\" data-element_type=\"widget\" data-widget_type=\"image.default\">\n\t\t\t\t<div class=\"elementor-widget-container\">\n\t\t\t\t\t\t\t\t\t\t\t\t<figure class=\"wp-caption\">\n\t\t\t\t\t\t\t\t\t\t<img loading=\"lazy\" decoding=\"async\" width=\"790\" height=\"527\" src=\"https:\/\/whitevillas.biz\/wp-content\/uploads\/2020\/05\/MG_6981-1024x683.jpg\" class=\"attachment-large size-large wp-image-419\" alt=\"\" srcset=\"https:\/\/whitevillas.biz\/wp-content\/uploads\/2020\/05\/MG_6981-1024x683.jpg 1024w, https:\/\/whitevillas.biz\/wp-content\/uploads\/2020\/05\/MG_6981-300x200.jpg 300w, https:\/\/whitevillas.biz\/wp-content\/uploads\/2020\/05\/MG_6981-768x512.jpg 768w, https:\/\/whitevillas.biz\/wp-content\/uploads\/2020\/05\/MG_6981-1536x1024.jpg 1536w, https:\/\/whitevillas.biz\/wp-content\/uploads\/2020\/05\/MG_6981.jpg 1620w\" sizes=\"(max-width: 790px) 100vw, 790px\" \/>\t\t\t\t\t\t\t\t\t\t\t<figcaption class=\"widget-image-caption wp-caption-text\">Schlafzimmer \"Neda Waterfalls\"<\/figcaption>\n\t\t\t\t\t\t\t\t\t\t<\/figure>\n\t\t\t\t\t\t\t\t\t<\/div>\n\t\t\t\t<\/div>\n\t\t\t\t<div class=\"elementor-element elementor-element-9fb0d0c elementor-widget elementor-widget-image\" data-id=\"9fb0d0c\" data-element_type=\"widget\" data-widget_type=\"image.default\">\n\t\t\t\t<div class=\"elementor-widget-container\">\n\t\t\t\t\t\t\t\t\t\t\t\t<figure class=\"wp-caption\">\n\t\t\t\t\t\t\t\t\t\t<img loading=\"lazy\" decoding=\"async\" width=\"683\" height=\"1024\" src=\"https:\/\/whitevillas.biz\/wp-content\/uploads\/2020\/05\/MG_6910-HDR-1-683x1024.jpg\" class=\"attachment-large size-large wp-image-416\" alt=\"\" srcset=\"https:\/\/whitevillas.biz\/wp-content\/uploads\/2020\/05\/MG_6910-HDR-1-683x1024.jpg 683w, https:\/\/whitevillas.biz\/wp-content\/uploads\/2020\/05\/MG_6910-HDR-1-200x300.jpg 200w, https:\/\/whitevillas.biz\/wp-content\/uploads\/2020\/05\/MG_6910-HDR-1.jpg 720w\" sizes=\"(max-width: 683px) 100vw, 683px\" \/>\t\t\t\t\t\t\t\t\t\t\t<figcaption class=\"widget-image-caption wp-caption-text\">Schlafzimmer \"Neda Waterfalls\"<\/figcaption>\n\t\t\t\t\t\t\t\t\t\t<\/figure>\n\t\t\t\t\t\t\t\t\t<\/div>\n\t\t\t\t<\/div>\n\t\t\t\t<div class=\"elementor-element elementor-element-0382934 elementor-widget elementor-widget-image\" data-id=\"0382934\" data-element_type=\"widget\" data-widget_type=\"image.default\">\n\t\t\t\t<div class=\"elementor-widget-container\">\n\t\t\t\t\t\t\t\t\t\t\t\t<figure class=\"wp-caption\">\n\t\t\t\t\t\t\t\t\t\t<img loading=\"lazy\" decoding=\"async\" width=\"683\" height=\"1024\" src=\"https:\/\/whitevillas.biz\/wp-content\/uploads\/2020\/05\/MG_6949-1-683x1024.jpg\" class=\"attachment-large size-large wp-image-418\" alt=\"\" srcset=\"https:\/\/whitevillas.biz\/wp-content\/uploads\/2020\/05\/MG_6949-1-683x1024.jpg 683w, https:\/\/whitevillas.biz\/wp-content\/uploads\/2020\/05\/MG_6949-1-200x300.jpg 200w, https:\/\/whitevillas.biz\/wp-content\/uploads\/2020\/05\/MG_6949-1.jpg 720w\" sizes=\"(max-width: 683px) 100vw, 683px\" \/>\t\t\t\t\t\t\t\t\t\t\t<figcaption class=\"widget-image-caption wp-caption-text\">Badezimmer \"Neda Waterfalls\"<\/figcaption>\n\t\t\t\t\t\t\t\t\t\t<\/figure>\n\t\t\t\t\t\t\t\t\t<\/div>\n\t\t\t\t<\/div>\n\t\t\t\t\t<\/div>\n\t\t<\/div>\n\t\t\t\t\t<\/div>\n\t\t<\/section>\n\t\t\t\t<section class=\"elementor-section elementor-top-section elementor-element elementor-element-d6fb412 elementor-section-boxed elementor-section-height-default elementor-section-height-default\" data-id=\"d6fb412\" data-element_type=\"section\">\n\t\t\t\t\t\t<div class=\"elementor-container elementor-column-gap-default\">\n\t\t\t\t\t<div class=\"elementor-column elementor-col-100 elementor-top-column elementor-element elementor-element-b15bbf8\" data-id=\"b15bbf8\" data-element_type=\"column\">\n\t\t\t<div class=\"elementor-widget-wrap elementor-element-populated\">\n\t\t\t\t\t\t<div class=\"elementor-element elementor-element-a0c1178 elementor-widget elementor-widget-image\" data-id=\"a0c1178\" data-element_type=\"widget\" data-widget_type=\"image.default\">\n\t\t\t\t<div class=\"elementor-widget-container\">\n\t\t\t\t\t\t\t\t\t\t\t\t<figure class=\"wp-caption\">\n\t\t\t\t\t\t\t\t\t\t<img loading=\"lazy\" decoding=\"async\" width=\"683\" height=\"1024\" src=\"https:\/\/whitevillas.biz\/wp-content\/uploads\/2020\/05\/MG_7213-683x1024.jpg\" class=\"attachment-large size-large wp-image-424\" alt=\"\" srcset=\"https:\/\/whitevillas.biz\/wp-content\/uploads\/2020\/05\/MG_7213-683x1024.jpg 683w, https:\/\/whitevillas.biz\/wp-content\/uploads\/2020\/05\/MG_7213-200x300.jpg 200w, https:\/\/whitevillas.biz\/wp-content\/uploads\/2020\/05\/MG_7213.jpg 720w\" sizes=\"(max-width: 683px) 100vw, 683px\" \/>\t\t\t\t\t\t\t\t\t\t\t<figcaption class=\"widget-image-caption wp-caption-text\">Seitliche Terrasse<\/figcaption>\n\t\t\t\t\t\t\t\t\t\t<\/figure>\n\t\t\t\t\t\t\t\t\t<\/div>\n\t\t\t\t<\/div>\n\t\t\t\t\t<\/div>\n\t\t<\/div>\n\t\t\t\t\t<\/div>\n\t\t<\/section>\n\t\t\t\t<section class=\"elementor-section elementor-top-section elementor-element elementor-element-192fd2f elementor-section-boxed elementor-section-height-default elementor-section-height-default\" data-id=\"192fd2f\" data-element_type=\"section\">\n\t\t\t\t\t\t<div class=\"elementor-container elementor-column-gap-default\">\n\t\t\t\t\t<div class=\"elementor-column elementor-col-100 elementor-top-column elementor-element elementor-element-dddc759\" data-id=\"dddc759\" data-element_type=\"column\">\n\t\t\t<div class=\"elementor-widget-wrap elementor-element-populated\">\n\t\t\t\t\t\t<div class=\"elementor-element elementor-element-5f920b3 elementor-widget elementor-widget-image\" data-id=\"5f920b3\" data-element_type=\"widget\" data-widget_type=\"image.default\">\n\t\t\t\t<div class=\"elementor-widget-container\">\n\t\t\t\t\t\t\t\t\t\t\t\t\t\t\t<img loading=\"lazy\" decoding=\"async\" width=\"790\" height=\"559\" src=\"https:\/\/whitevillas.biz\/wp-content\/uploads\/2020\/05\/Beach-Villa-Grundriss-1-1024x724.jpg\" class=\"attachment-large size-large wp-image-430\" alt=\"\" srcset=\"https:\/\/whitevillas.biz\/wp-content\/uploads\/2020\/05\/Beach-Villa-Grundriss-1-1024x724.jpg 1024w, https:\/\/whitevillas.biz\/wp-content\/uploads\/2020\/05\/Beach-Villa-Grundriss-1-300x212.jpg 300w, https:\/\/whitevillas.biz\/wp-content\/uploads\/2020\/05\/Beach-Villa-Grundriss-1-768x543.jpg 768w, https:\/\/whitevillas.biz\/wp-content\/uploads\/2020\/05\/Beach-Villa-Grundriss-1-1536x1085.jpg 1536w, https:\/\/whitevillas.biz\/wp-content\/uploads\/2020\/05\/Beach-Villa-Grundriss-1-2048x1447.jpg 2048w\" sizes=\"(max-width: 790px) 100vw, 790px\" \/>\t\t\t\t\t\t\t\t\t\t\t\t\t\t\t<\/div>\n\t\t\t\t<\/div>\n\t\t\t\t\t<\/div>\n\t\t<\/div>\n\t\t\t\t\t<\/div>\n\t\t<\/section>\n\t\t\t\t<\/div>\n\t\t","protected":false},"excerpt":{"rendered":"<p>Schlaf- &amp; Badezimmer &#8222;Navajo Bay &#8211; Zakynthos&#8220;Doppelbett 180 cm x 200 cm42\u2033 Fernseher (Satelliten-TV)Badewanne, Doppelwaschtisch, WC, F\u00f6n Schlaf- &amp; Badezimmer en Suite &#8222;Neda Waterfalls&#8220;Doppelbett 180 cm x 200 cm42\u2033 Fernseher (Satelliten-TV)Begehbare Dusche, Eckwaschtisch, WC, F\u00f6n Offener Wohn- &amp; EssbereichGro\u00dfer, moderner <a href=\"https:\/\/whitevillas.biz\/index.php\/beach_villa\/\" class=\"more-link\">Weiterlesen<\/a><\/p>\n","protected":false},"author":1,"featured_media":380,"parent":0,"menu_order":0,"comment_status":"closed","ping_status":"closed","template":"","meta":{"inline_featured_image":false,"footnotes":""},"class_list":["post-81","page","type-page","status-publish","has-post-thumbnail","hentry"],"_links":{"self":[{"href":"https:\/\/whitevillas.biz\/index.php\/wp-json\/wp\/v2\/pages\/81","targetHints":{"allow":["GET"]}}],"collection":[{"href":"https:\/\/whitevillas.biz\/index.php\/wp-json\/wp\/v2\/pages"}],"about":[{"href":"https:\/\/whitevillas.biz\/index.php\/wp-json\/wp\/v2\/types\/page"}],"author":[{"embeddable":true,"href":"https:\/\/whitevillas.biz\/index.php\/wp-json\/wp\/v2\/users\/1"}],"replies":[{"embeddable":true,"href":"https:\/\/whitevillas.biz\/index.php\/wp-json\/wp\/v2\/comments?post=81"}],"version-history":[{"count":23,"href":"https:\/\/whitevillas.biz\/index.php\/wp-json\/wp\/v2\/pages\/81\/revisions"}],"predecessor-version":[{"id":1153,"href":"https:\/\/whitevillas.biz\/index.php\/wp-json\/wp\/v2\/pages\/81\/revisions\/1153"}],"wp:featuredmedia":[{"embeddable":true,"href":"https:\/\/whitevillas.biz\/index.php\/wp-json\/wp\/v2\/media\/380"}],"wp:attachment":[{"href":"https:\/\/whitevillas.biz\/index.php\/wp-json\/wp\/v2\/media?parent=81"}],"curies":[{"name":"wp","href":"https:\/\/api.w.org\/{rel}","templated":true}]}}