{"id":76,"date":"2019-06-09T07:21:46","date_gmt":"2019-06-09T07:21:46","guid":{"rendered":"http:\/\/localhost\/hotel-romantica\/?page_id=76"},"modified":"2021-03-07T10:38:38","modified_gmt":"2021-03-07T09:38:38","slug":"garden_villa","status":"publish","type":"page","link":"https:\/\/whitevillas.biz\/index.php\/garden_villa\/","title":{"rendered":"Garden Villa"},"content":{"rendered":"\t\t<div data-elementor-type=\"wp-page\" data-elementor-id=\"76\" class=\"elementor elementor-76\">\n\t\t\t\t\t\t<section class=\"elementor-section elementor-top-section elementor-element elementor-element-3bbe17c elementor-section-boxed elementor-section-height-default elementor-section-height-default\" data-id=\"3bbe17c\" data-element_type=\"section\">\n\t\t\t\t\t\t<div class=\"elementor-container elementor-column-gap-default\">\n\t\t\t\t\t<div class=\"elementor-column elementor-col-100 elementor-top-column elementor-element elementor-element-07d1204\" data-id=\"07d1204\" data-element_type=\"column\">\n\t\t\t<div class=\"elementor-widget-wrap elementor-element-populated\">\n\t\t\t\t\t\t<div class=\"elementor-element elementor-element-d89915c elementor-widget elementor-widget-text-editor\" data-id=\"d89915c\" data-element_type=\"widget\" data-widget_type=\"text-editor.default\">\n\t\t\t\t<div class=\"elementor-widget-container\">\n\t\t\t\t\t\t\t\t\t<p style=\"text-align: center;\"><strong>Schlaf- &amp; Badezimmer &#8222;Navajo Bay &#8211; Zakynthos&#8220;<\/strong><br \/>Doppelbett 180 cm x 200 cm<br \/>42\u2033 Fernseher (Satelliten-TV)<br \/>Begehbare Dusche, Doppelwaschtisch, WC, F\u00f6n<\/p>\n<p style=\"text-align: center;\"><strong>Schlaf- &amp; Badezimmer en Suite &#8222;Neda Waterfalls&#8220;<\/strong><br \/>Doppelbett 180 cm x 200 cm<br \/>42\u2033 Fernseher (Satelliten-TV)<br \/>Begehbare Dusche, Doppelwaschtisch, WC, F\u00f6n<\/p>\n<p style=\"text-align: center;\"><strong>Offener Wohn- &amp; Essbereich<\/strong><br \/>Gro\u00dfer, moderner Esstisch f\u00fcr bis zu 6 Personen<br \/>Bequeme Polsterecke<br \/>(vollwertige Schlafm\u00f6glichkeit f\u00fcr bis zu 2 Personen \u2013 nicht nur f\u00fcr Kinder!)<br \/>42\u2033 Fernseher (Satelliten-TV) und Stereoanlage<\/p>\n<p style=\"text-align: center;\"><strong>Komplett ausgestattete K\u00fcchenzeile<\/strong><br \/>Gro\u00dfer K\u00fchl-Gefrier-Kombinationsschrank<br \/>Backofen, Ceranfeld, Dunstabzug<br \/>Mikrowelle, Geschirrsp\u00fcler, Sp\u00fcle<br \/>Kaffeemaschine, Wasserkocher, Toaster<br \/>Sandwichmaker\/Waffeleisen\/Kontaktgrill<br \/>Komplette K\u00fcchenausstattung (Koch- und Essgeschirr)<\/p>\n<p style=\"text-align: center;\"><strong>Klimaanlage in allen Schlaf- und Wohnr\u00e4umen<\/strong><\/p>\n<p style=\"text-align: center;\"><strong>Internet<\/strong><\/p>\n<p style=\"text-align: center;\"><strong>\u00dcberschattete Terrassen<\/strong><br \/>Zugang von allen Wohn-\/Schlafzimmern<br \/>Alle Terrassen-Schiebet\u00fcren mit M\u00fcckenschutzgitter und Rolll\u00e4den<br \/>Gro\u00dfer Terrassentisch mit gepolsterten St\u00fchlen<br \/>Gepolsterte Liegen<\/p>\n<p style=\"text-align: center;\"><strong>Eigener Parkplatz vor der Villa<\/strong><\/p>\n<p style=\"text-align: center;\">\u00a0<\/p>\t\t\t\t\t\t\t\t<\/div>\n\t\t\t\t<\/div>\n\t\t\t\t\t<\/div>\n\t\t<\/div>\n\t\t\t\t\t<\/div>\n\t\t<\/section>\n\t\t\t\t<section class=\"elementor-section elementor-top-section elementor-element elementor-element-9db0a21 elementor-section-boxed elementor-section-height-default elementor-section-height-default\" data-id=\"9db0a21\" data-element_type=\"section\">\n\t\t\t\t\t\t<div class=\"elementor-container elementor-column-gap-default\">\n\t\t\t\t\t<div class=\"elementor-column elementor-col-100 elementor-top-column elementor-element elementor-element-58f9e3e\" data-id=\"58f9e3e\" data-element_type=\"column\">\n\t\t\t<div class=\"elementor-widget-wrap elementor-element-populated\">\n\t\t\t\t\t\t<div class=\"elementor-element elementor-element-43a8fb0 elementor-widget elementor-widget-image\" data-id=\"43a8fb0\" data-element_type=\"widget\" data-widget_type=\"image.default\">\n\t\t\t\t<div class=\"elementor-widget-container\">\n\t\t\t\t\t\t\t\t\t\t\t\t<figure class=\"wp-caption\">\n\t\t\t\t\t\t\t\t\t\t<img fetchpriority=\"high\" decoding=\"async\" width=\"790\" height=\"527\" src=\"https:\/\/whitevillas.biz\/wp-content\/uploads\/2020\/05\/MG_7296-HDR-1024x683.jpg\" class=\"attachment-large size-large wp-image-448\" alt=\"\" srcset=\"https:\/\/whitevillas.biz\/wp-content\/uploads\/2020\/05\/MG_7296-HDR-1024x683.jpg 1024w, https:\/\/whitevillas.biz\/wp-content\/uploads\/2020\/05\/MG_7296-HDR-300x200.jpg 300w, https:\/\/whitevillas.biz\/wp-content\/uploads\/2020\/05\/MG_7296-HDR-768x512.jpg 768w, https:\/\/whitevillas.biz\/wp-content\/uploads\/2020\/05\/MG_7296-HDR-1536x1024.jpg 1536w, https:\/\/whitevillas.biz\/wp-content\/uploads\/2020\/05\/MG_7296-HDR.jpg 1620w\" sizes=\"(max-width: 790px) 100vw, 790px\" \/>\t\t\t\t\t\t\t\t\t\t\t<figcaption class=\"widget-image-caption wp-caption-text\">Schlafzimmer \"Navajo Bay - Zakynthos\" <\/figcaption>\n\t\t\t\t\t\t\t\t\t\t<\/figure>\n\t\t\t\t\t\t\t\t\t<\/div>\n\t\t\t\t<\/div>\n\t\t\t\t\t<\/div>\n\t\t<\/div>\n\t\t\t\t\t<\/div>\n\t\t<\/section>\n\t\t\t\t<section class=\"elementor-section elementor-top-section elementor-element elementor-element-75393a8 elementor-section-boxed elementor-section-height-default elementor-section-height-default\" data-id=\"75393a8\" data-element_type=\"section\">\n\t\t\t\t\t\t<div class=\"elementor-container elementor-column-gap-default\">\n\t\t\t\t\t<div class=\"elementor-column elementor-col-100 elementor-top-column elementor-element elementor-element-7b9f587\" data-id=\"7b9f587\" data-element_type=\"column\">\n\t\t\t<div class=\"elementor-widget-wrap elementor-element-populated\">\n\t\t\t\t\t\t<div class=\"elementor-element elementor-element-2797f65 elementor-widget elementor-widget-image\" data-id=\"2797f65\" data-element_type=\"widget\" data-widget_type=\"image.default\">\n\t\t\t\t<div class=\"elementor-widget-container\">\n\t\t\t\t\t\t\t\t\t\t\t\t<figure class=\"wp-caption\">\n\t\t\t\t\t\t\t\t\t\t<img decoding=\"async\" width=\"790\" height=\"527\" src=\"https:\/\/whitevillas.biz\/wp-content\/uploads\/2020\/05\/MG_7303-HDR-1024x683.jpg\" class=\"attachment-large size-large wp-image-450\" alt=\"\" srcset=\"https:\/\/whitevillas.biz\/wp-content\/uploads\/2020\/05\/MG_7303-HDR-1024x683.jpg 1024w, https:\/\/whitevillas.biz\/wp-content\/uploads\/2020\/05\/MG_7303-HDR-300x200.jpg 300w, https:\/\/whitevillas.biz\/wp-content\/uploads\/2020\/05\/MG_7303-HDR-768x512.jpg 768w, https:\/\/whitevillas.biz\/wp-content\/uploads\/2020\/05\/MG_7303-HDR-1536x1024.jpg 1536w, https:\/\/whitevillas.biz\/wp-content\/uploads\/2020\/05\/MG_7303-HDR.jpg 1620w\" sizes=\"(max-width: 790px) 100vw, 790px\" \/>\t\t\t\t\t\t\t\t\t\t\t<figcaption class=\"widget-image-caption wp-caption-text\">Schlafzimmer \"Navajo Bay - Zakynthos\" <\/figcaption>\n\t\t\t\t\t\t\t\t\t\t<\/figure>\n\t\t\t\t\t\t\t\t\t<\/div>\n\t\t\t\t<\/div>\n\t\t\t\t\t<\/div>\n\t\t<\/div>\n\t\t\t\t\t<\/div>\n\t\t<\/section>\n\t\t\t\t<section class=\"elementor-section elementor-top-section elementor-element elementor-element-c21e3c3 elementor-section-boxed elementor-section-height-default elementor-section-height-default\" data-id=\"c21e3c3\" data-element_type=\"section\">\n\t\t\t\t\t\t<div class=\"elementor-container elementor-column-gap-default\">\n\t\t\t\t\t<div class=\"elementor-column elementor-col-100 elementor-top-column elementor-element elementor-element-fa9aa6b\" data-id=\"fa9aa6b\" data-element_type=\"column\">\n\t\t\t<div class=\"elementor-widget-wrap elementor-element-populated\">\n\t\t\t\t\t\t<div class=\"elementor-element elementor-element-a9bfab2 elementor-widget elementor-widget-image\" data-id=\"a9bfab2\" data-element_type=\"widget\" data-widget_type=\"image.default\">\n\t\t\t\t<div class=\"elementor-widget-container\">\n\t\t\t\t\t\t\t\t\t\t\t\t<figure class=\"wp-caption\">\n\t\t\t\t\t\t\t\t\t\t<img decoding=\"async\" width=\"683\" height=\"1024\" src=\"https:\/\/whitevillas.biz\/wp-content\/uploads\/2020\/05\/MG_7288-Edit-683x1024.jpg\" class=\"attachment-large size-large wp-image-447\" alt=\"\" srcset=\"https:\/\/whitevillas.biz\/wp-content\/uploads\/2020\/05\/MG_7288-Edit-683x1024.jpg 683w, https:\/\/whitevillas.biz\/wp-content\/uploads\/2020\/05\/MG_7288-Edit-200x300.jpg 200w, https:\/\/whitevillas.biz\/wp-content\/uploads\/2020\/05\/MG_7288-Edit.jpg 720w\" sizes=\"(max-width: 683px) 100vw, 683px\" \/>\t\t\t\t\t\t\t\t\t\t\t<figcaption class=\"widget-image-caption wp-caption-text\">Badezimmer \"Navajo Bay - Zakynthos\" <\/figcaption>\n\t\t\t\t\t\t\t\t\t\t<\/figure>\n\t\t\t\t\t\t\t\t\t<\/div>\n\t\t\t\t<\/div>\n\t\t\t\t\t<\/div>\n\t\t<\/div>\n\t\t\t\t\t<\/div>\n\t\t<\/section>\n\t\t\t\t<section class=\"elementor-section elementor-top-section elementor-element elementor-element-5683830 elementor-section-boxed elementor-section-height-default elementor-section-height-default\" data-id=\"5683830\" data-element_type=\"section\">\n\t\t\t\t\t\t<div class=\"elementor-container elementor-column-gap-default\">\n\t\t\t\t\t<div class=\"elementor-column elementor-col-100 elementor-top-column elementor-element elementor-element-331b445\" data-id=\"331b445\" data-element_type=\"column\">\n\t\t\t<div class=\"elementor-widget-wrap elementor-element-populated\">\n\t\t\t\t\t\t<div class=\"elementor-element elementor-element-efc1751 elementor-widget elementor-widget-image\" data-id=\"efc1751\" data-element_type=\"widget\" data-widget_type=\"image.default\">\n\t\t\t\t<div class=\"elementor-widget-container\">\n\t\t\t\t\t\t\t\t\t\t\t\t<figure class=\"wp-caption\">\n\t\t\t\t\t\t\t\t\t\t<img loading=\"lazy\" decoding=\"async\" width=\"683\" height=\"1024\" src=\"https:\/\/whitevillas.biz\/wp-content\/uploads\/2020\/05\/MG_7240-HDR-683x1024.jpg\" class=\"attachment-large size-large wp-image-444\" alt=\"\" srcset=\"https:\/\/whitevillas.biz\/wp-content\/uploads\/2020\/05\/MG_7240-HDR-683x1024.jpg 683w, https:\/\/whitevillas.biz\/wp-content\/uploads\/2020\/05\/MG_7240-HDR-200x300.jpg 200w, https:\/\/whitevillas.biz\/wp-content\/uploads\/2020\/05\/MG_7240-HDR.jpg 720w\" sizes=\"(max-width: 683px) 100vw, 683px\" \/>\t\t\t\t\t\t\t\t\t\t\t<figcaption class=\"widget-image-caption wp-caption-text\">Schlafzimmer \"Neda Waterfalls\"<\/figcaption>\n\t\t\t\t\t\t\t\t\t\t<\/figure>\n\t\t\t\t\t\t\t\t\t<\/div>\n\t\t\t\t<\/div>\n\t\t\t\t\t<\/div>\n\t\t<\/div>\n\t\t\t\t\t<\/div>\n\t\t<\/section>\n\t\t\t\t<section class=\"elementor-section elementor-top-section elementor-element elementor-element-91d9214 elementor-section-boxed elementor-section-height-default elementor-section-height-default\" data-id=\"91d9214\" data-element_type=\"section\">\n\t\t\t\t\t\t<div class=\"elementor-container elementor-column-gap-default\">\n\t\t\t\t\t<div class=\"elementor-column elementor-col-100 elementor-top-column elementor-element elementor-element-067221b\" data-id=\"067221b\" data-element_type=\"column\">\n\t\t\t<div class=\"elementor-widget-wrap elementor-element-populated\">\n\t\t\t\t\t\t<div class=\"elementor-element elementor-element-d88c209 elementor-widget elementor-widget-image\" data-id=\"d88c209\" data-element_type=\"widget\" data-widget_type=\"image.default\">\n\t\t\t\t<div class=\"elementor-widget-container\">\n\t\t\t\t\t\t\t\t\t\t\t\t<figure class=\"wp-caption\">\n\t\t\t\t\t\t\t\t\t\t<img loading=\"lazy\" decoding=\"async\" width=\"683\" height=\"1024\" src=\"https:\/\/whitevillas.biz\/wp-content\/uploads\/2020\/05\/MG_7259-683x1024.jpg\" class=\"attachment-large size-large wp-image-445\" alt=\"\" srcset=\"https:\/\/whitevillas.biz\/wp-content\/uploads\/2020\/05\/MG_7259-683x1024.jpg 683w, https:\/\/whitevillas.biz\/wp-content\/uploads\/2020\/05\/MG_7259-200x300.jpg 200w, https:\/\/whitevillas.biz\/wp-content\/uploads\/2020\/05\/MG_7259.jpg 720w\" sizes=\"(max-width: 683px) 100vw, 683px\" \/>\t\t\t\t\t\t\t\t\t\t\t<figcaption class=\"widget-image-caption wp-caption-text\">Schlafzimmer \"Neda Waterfalls\"<\/figcaption>\n\t\t\t\t\t\t\t\t\t\t<\/figure>\n\t\t\t\t\t\t\t\t\t<\/div>\n\t\t\t\t<\/div>\n\t\t\t\t\t<\/div>\n\t\t<\/div>\n\t\t\t\t\t<\/div>\n\t\t<\/section>\n\t\t\t\t<section class=\"elementor-section elementor-top-section elementor-element elementor-element-be8b3b3 elementor-section-boxed elementor-section-height-default elementor-section-height-default\" data-id=\"be8b3b3\" data-element_type=\"section\">\n\t\t\t\t\t\t<div class=\"elementor-container elementor-column-gap-default\">\n\t\t\t\t\t<div class=\"elementor-column elementor-col-100 elementor-top-column elementor-element elementor-element-8194915\" data-id=\"8194915\" data-element_type=\"column\">\n\t\t\t<div class=\"elementor-widget-wrap elementor-element-populated\">\n\t\t\t\t\t\t<div class=\"elementor-element elementor-element-34fd621 elementor-widget elementor-widget-image\" data-id=\"34fd621\" data-element_type=\"widget\" data-widget_type=\"image.default\">\n\t\t\t\t<div class=\"elementor-widget-container\">\n\t\t\t\t\t\t\t\t\t\t\t\t<figure class=\"wp-caption\">\n\t\t\t\t\t\t\t\t\t\t<img loading=\"lazy\" decoding=\"async\" width=\"683\" height=\"1024\" src=\"https:\/\/whitevillas.biz\/wp-content\/uploads\/2020\/05\/MG_7272-683x1024.jpg\" class=\"attachment-large size-large wp-image-446\" alt=\"\" srcset=\"https:\/\/whitevillas.biz\/wp-content\/uploads\/2020\/05\/MG_7272-683x1024.jpg 683w, https:\/\/whitevillas.biz\/wp-content\/uploads\/2020\/05\/MG_7272-200x300.jpg 200w, https:\/\/whitevillas.biz\/wp-content\/uploads\/2020\/05\/MG_7272.jpg 720w\" sizes=\"(max-width: 683px) 100vw, 683px\" \/>\t\t\t\t\t\t\t\t\t\t\t<figcaption class=\"widget-image-caption wp-caption-text\">Badezimmer \"Neda Waterfalls\"<\/figcaption>\n\t\t\t\t\t\t\t\t\t\t<\/figure>\n\t\t\t\t\t\t\t\t\t<\/div>\n\t\t\t\t<\/div>\n\t\t\t\t\t<\/div>\n\t\t<\/div>\n\t\t\t\t\t<\/div>\n\t\t<\/section>\n\t\t\t\t<section class=\"elementor-section elementor-top-section elementor-element elementor-element-407517e elementor-section-boxed elementor-section-height-default elementor-section-height-default\" data-id=\"407517e\" data-element_type=\"section\">\n\t\t\t\t\t\t<div class=\"elementor-container elementor-column-gap-default\">\n\t\t\t\t\t<div class=\"elementor-column elementor-col-100 elementor-top-column elementor-element elementor-element-6fd969c\" data-id=\"6fd969c\" data-element_type=\"column\">\n\t\t\t<div class=\"elementor-widget-wrap elementor-element-populated\">\n\t\t\t\t\t\t<div class=\"elementor-element elementor-element-1491c47 elementor-widget elementor-widget-image\" data-id=\"1491c47\" data-element_type=\"widget\" data-widget_type=\"image.default\">\n\t\t\t\t<div class=\"elementor-widget-container\">\n\t\t\t\t\t\t\t\t\t\t\t\t<figure class=\"wp-caption\">\n\t\t\t\t\t\t\t\t\t\t<img loading=\"lazy\" decoding=\"async\" width=\"683\" height=\"1024\" src=\"https:\/\/whitevillas.biz\/wp-content\/uploads\/2020\/05\/MG_7350-HDR-683x1024.jpg\" class=\"attachment-large size-large wp-image-451\" alt=\"\" srcset=\"https:\/\/whitevillas.biz\/wp-content\/uploads\/2020\/05\/MG_7350-HDR-683x1024.jpg 683w, https:\/\/whitevillas.biz\/wp-content\/uploads\/2020\/05\/MG_7350-HDR-200x300.jpg 200w, https:\/\/whitevillas.biz\/wp-content\/uploads\/2020\/05\/MG_7350-HDR.jpg 720w\" sizes=\"(max-width: 683px) 100vw, 683px\" \/>\t\t\t\t\t\t\t\t\t\t\t<figcaption class=\"widget-image-caption wp-caption-text\">Offener Wohn- &amp; Essbereich<\/figcaption>\n\t\t\t\t\t\t\t\t\t\t<\/figure>\n\t\t\t\t\t\t\t\t\t<\/div>\n\t\t\t\t<\/div>\n\t\t\t\t\t<\/div>\n\t\t<\/div>\n\t\t\t\t\t<\/div>\n\t\t<\/section>\n\t\t\t\t<section class=\"elementor-section elementor-top-section elementor-element elementor-element-cbec0cf elementor-section-boxed elementor-section-height-default elementor-section-height-default\" data-id=\"cbec0cf\" data-element_type=\"section\">\n\t\t\t\t\t\t<div class=\"elementor-container elementor-column-gap-default\">\n\t\t\t\t\t<div class=\"elementor-column elementor-col-100 elementor-top-column elementor-element elementor-element-f384931\" data-id=\"f384931\" data-element_type=\"column\">\n\t\t\t<div class=\"elementor-widget-wrap elementor-element-populated\">\n\t\t\t\t\t\t<div class=\"elementor-element elementor-element-b52a8b1 elementor-widget elementor-widget-image\" data-id=\"b52a8b1\" data-element_type=\"widget\" data-widget_type=\"image.default\">\n\t\t\t\t<div class=\"elementor-widget-container\">\n\t\t\t\t\t\t\t\t\t\t\t\t<figure class=\"wp-caption\">\n\t\t\t\t\t\t\t\t\t\t<img loading=\"lazy\" decoding=\"async\" width=\"683\" height=\"1024\" src=\"https:\/\/whitevillas.biz\/wp-content\/uploads\/2020\/05\/MG_7366-HDR-683x1024.jpg\" class=\"attachment-large size-large wp-image-452\" alt=\"\" srcset=\"https:\/\/whitevillas.biz\/wp-content\/uploads\/2020\/05\/MG_7366-HDR-683x1024.jpg 683w, https:\/\/whitevillas.biz\/wp-content\/uploads\/2020\/05\/MG_7366-HDR-200x300.jpg 200w, https:\/\/whitevillas.biz\/wp-content\/uploads\/2020\/05\/MG_7366-HDR.jpg 720w\" sizes=\"(max-width: 683px) 100vw, 683px\" \/>\t\t\t\t\t\t\t\t\t\t\t<figcaption class=\"widget-image-caption wp-caption-text\">Offener Wohn- &amp; Essbereich<\/figcaption>\n\t\t\t\t\t\t\t\t\t\t<\/figure>\n\t\t\t\t\t\t\t\t\t<\/div>\n\t\t\t\t<\/div>\n\t\t\t\t\t<\/div>\n\t\t<\/div>\n\t\t\t\t\t<\/div>\n\t\t<\/section>\n\t\t\t\t<section class=\"elementor-section elementor-top-section elementor-element elementor-element-325bb9b elementor-section-boxed elementor-section-height-default elementor-section-height-default\" data-id=\"325bb9b\" data-element_type=\"section\">\n\t\t\t\t\t\t<div class=\"elementor-container elementor-column-gap-default\">\n\t\t\t\t\t<div class=\"elementor-column elementor-col-100 elementor-top-column elementor-element elementor-element-9ed87df\" data-id=\"9ed87df\" data-element_type=\"column\">\n\t\t\t<div class=\"elementor-widget-wrap elementor-element-populated\">\n\t\t\t\t\t\t<div class=\"elementor-element elementor-element-3950bb2 elementor-widget elementor-widget-image\" data-id=\"3950bb2\" data-element_type=\"widget\" data-widget_type=\"image.default\">\n\t\t\t\t<div class=\"elementor-widget-container\">\n\t\t\t\t\t\t\t\t\t\t\t\t\t\t\t<img loading=\"lazy\" decoding=\"async\" width=\"790\" height=\"556\" src=\"https:\/\/whitevillas.biz\/wp-content\/uploads\/2020\/05\/Garden-Villa-Grundriss-1024x721.jpg\" class=\"attachment-large size-large wp-image-376\" alt=\"\" srcset=\"https:\/\/whitevillas.biz\/wp-content\/uploads\/2020\/05\/Garden-Villa-Grundriss-1024x721.jpg 1024w, https:\/\/whitevillas.biz\/wp-content\/uploads\/2020\/05\/Garden-Villa-Grundriss-300x211.jpg 300w, https:\/\/whitevillas.biz\/wp-content\/uploads\/2020\/05\/Garden-Villa-Grundriss-768x541.jpg 768w, https:\/\/whitevillas.biz\/wp-content\/uploads\/2020\/05\/Garden-Villa-Grundriss-1536x1081.jpg 1536w, https:\/\/whitevillas.biz\/wp-content\/uploads\/2020\/05\/Garden-Villa-Grundriss-2048x1441.jpg 2048w\" sizes=\"(max-width: 790px) 100vw, 790px\" \/>\t\t\t\t\t\t\t\t\t\t\t\t\t\t\t<\/div>\n\t\t\t\t<\/div>\n\t\t\t\t\t<\/div>\n\t\t<\/div>\n\t\t\t\t\t<\/div>\n\t\t<\/section>\n\t\t\t\t<\/div>\n\t\t","protected":false},"excerpt":{"rendered":"<p>Schlaf- &amp; Badezimmer &#8222;Navajo Bay &#8211; Zakynthos&#8220;Doppelbett 180 cm x 200 cm42\u2033 Fernseher (Satelliten-TV)Begehbare Dusche, Doppelwaschtisch, WC, F\u00f6n Schlaf- &amp; Badezimmer en Suite &#8222;Neda Waterfalls&#8220;Doppelbett 180 cm x 200 cm42\u2033 Fernseher (Satelliten-TV)Begehbare Dusche, Doppelwaschtisch, WC, F\u00f6n Offener Wohn- &amp; EssbereichGro\u00dfer, <a href=\"https:\/\/whitevillas.biz\/index.php\/garden_villa\/\" class=\"more-link\">Weiterlesen<\/a><\/p>\n","protected":false},"author":1,"featured_media":423,"parent":0,"menu_order":0,"comment_status":"closed","ping_status":"closed","template":"","meta":{"inline_featured_image":false,"footnotes":""},"class_list":["post-76","page","type-page","status-publish","has-post-thumbnail","hentry"],"_links":{"self":[{"href":"https:\/\/whitevillas.biz\/index.php\/wp-json\/wp\/v2\/pages\/76","targetHints":{"allow":["GET"]}}],"collection":[{"href":"https:\/\/whitevillas.biz\/index.php\/wp-json\/wp\/v2\/pages"}],"about":[{"href":"https:\/\/whitevillas.biz\/index.php\/wp-json\/wp\/v2\/types\/page"}],"author":[{"embeddable":true,"href":"https:\/\/whitevillas.biz\/index.php\/wp-json\/wp\/v2\/users\/1"}],"replies":[{"embeddable":true,"href":"https:\/\/whitevillas.biz\/index.php\/wp-json\/wp\/v2\/comments?post=76"}],"version-history":[{"count":14,"href":"https:\/\/whitevillas.biz\/index.php\/wp-json\/wp\/v2\/pages\/76\/revisions"}],"predecessor-version":[{"id":1150,"href":"https:\/\/whitevillas.biz\/index.php\/wp-json\/wp\/v2\/pages\/76\/revisions\/1150"}],"wp:featuredmedia":[{"embeddable":true,"href":"https:\/\/whitevillas.biz\/index.php\/wp-json\/wp\/v2\/media\/423"}],"wp:attachment":[{"href":"https:\/\/whitevillas.biz\/index.php\/wp-json\/wp\/v2\/media?parent=76"}],"curies":[{"name":"wp","href":"https:\/\/api.w.org\/{rel}","templated":true}]}}