{"id":618,"date":"2020-05-31T18:19:37","date_gmt":"2020-05-31T16:19:37","guid":{"rendered":"https:\/\/whitevillas.biz\/?page_id=618"},"modified":"2020-06-02T11:59:46","modified_gmt":"2020-06-02T09:59:46","slug":"peloponnes","status":"publish","type":"page","link":"https:\/\/whitevillas.biz\/index.php\/peloponnes\/","title":{"rendered":"Peloponnes"},"content":{"rendered":"\t\t<div data-elementor-type=\"wp-page\" data-elementor-id=\"618\" class=\"elementor elementor-618\">\n\t\t\t\t\t\t<section class=\"elementor-section elementor-top-section elementor-element elementor-element-148bbb85 elementor-section-boxed elementor-section-height-default elementor-section-height-default\" data-id=\"148bbb85\" data-element_type=\"section\">\n\t\t\t\t\t\t<div class=\"elementor-container elementor-column-gap-default\">\n\t\t\t\t\t<div class=\"elementor-column elementor-col-100 elementor-top-column elementor-element elementor-element-6dee997c\" data-id=\"6dee997c\" data-element_type=\"column\">\n\t\t\t<div class=\"elementor-widget-wrap elementor-element-populated\">\n\t\t\t\t\t\t<div class=\"elementor-element elementor-element-4dab304a elementor-widget elementor-widget-text-editor\" data-id=\"4dab304a\" data-element_type=\"widget\" data-widget_type=\"text-editor.default\">\n\t\t\t\t<div class=\"elementor-widget-container\">\n\t\t\t\t\t\t\t\t\t<p><\/p>\n<p><strong>Peloponnes \u2013 Ilias (Nordwestk\u00fcste) \u2013&nbsp;Agia Marina<\/strong><\/p>\n<p><\/p>\n<p><\/p>\n<p>Landschaftlich ist der Peloponnes sehr reizvoll: Fruchtbare Tallandschaften, Gebirge bis zu 2.400 m H\u00f6he und endlose Sandstr\u00e4nde an der gesamten Westk\u00fcste.<\/p>\n<p><\/p>\n<p><\/p>\n<figure class=\"wp-block-image size-large\"><img fetchpriority=\"high\" decoding=\"async\" width=\"1024\" height=\"575\" class=\"wp-image-619\" alt=\"\" src=\"\/wp-content\/uploads\/2020\/05\/Boot-Searay-Meer-Duene-1024x575.jpg\" srcset=\"https:\/\/whitevillas.biz\/wp-content\/uploads\/2020\/05\/Boot-Searay-Meer-Duene-1024x575.jpg 1024w, https:\/\/whitevillas.biz\/wp-content\/uploads\/2020\/05\/Boot-Searay-Meer-Duene-300x169.jpg 300w, https:\/\/whitevillas.biz\/wp-content\/uploads\/2020\/05\/Boot-Searay-Meer-Duene-768x432.jpg 768w, https:\/\/whitevillas.biz\/wp-content\/uploads\/2020\/05\/Boot-Searay-Meer-Duene-1536x863.jpg 1536w, https:\/\/whitevillas.biz\/wp-content\/uploads\/2020\/05\/Boot-Searay-Meer-Duene.jpg 1920w\" sizes=\"(max-width: 1024px) 100vw, 1024px\" \/><\/figure>\n<p><\/p>\n<p><\/p>\n<p>Der Peloponnes (Insel des Pelops) ist eine Halbinsel, \u00fcber den Isthmus von Korinth (Landenge von ca. 6,3 km Breite) mit dem Festland verbunden, und liegt westlich von Athen.<\/p>\n<p><\/p>\n<p><\/p>\n<figure class=\"wp-block-image size-large\"><img decoding=\"async\" width=\"1024\" height=\"575\" class=\"wp-image-622\" alt=\"\" src=\"\/wp-content\/uploads\/2020\/05\/Korinth-Kanal-1-1024x575.jpg\" srcset=\"https:\/\/whitevillas.biz\/wp-content\/uploads\/2020\/05\/Korinth-Kanal-1-1024x575.jpg 1024w, https:\/\/whitevillas.biz\/wp-content\/uploads\/2020\/05\/Korinth-Kanal-1-300x169.jpg 300w, https:\/\/whitevillas.biz\/wp-content\/uploads\/2020\/05\/Korinth-Kanal-1-768x432.jpg 768w, https:\/\/whitevillas.biz\/wp-content\/uploads\/2020\/05\/Korinth-Kanal-1-1536x863.jpg 1536w, https:\/\/whitevillas.biz\/wp-content\/uploads\/2020\/05\/Korinth-Kanal-1.jpg 1920w\" sizes=\"(max-width: 1024px) 100vw, 1024px\" \/><p><\/p>\n<figcaption>Seit 2004 ist der Peloponnes auch im Norden durch die 2,2 km lange Rio-Andirrio-Br\u00fccke bei Patras mit dem Festland verbunden.<\/figcaption><\/figure>\n<p><\/p>\n<p><\/p>\n<figure class=\"wp-block-image size-large\"><img decoding=\"async\" width=\"1024\" height=\"768\" class=\"wp-image-620\" alt=\"\" src=\"\/wp-content\/uploads\/2020\/05\/IMG_1221-1024x768-1.jpg\" srcset=\"https:\/\/whitevillas.biz\/wp-content\/uploads\/2020\/05\/IMG_1221-1024x768-1.jpg 1024w, https:\/\/whitevillas.biz\/wp-content\/uploads\/2020\/05\/IMG_1221-1024x768-1-300x225.jpg 300w, https:\/\/whitevillas.biz\/wp-content\/uploads\/2020\/05\/IMG_1221-1024x768-1-768x576.jpg 768w\" sizes=\"(max-width: 1024px) 100vw, 1024px\" \/><p><\/p>\n<figcaption>Gerade der Westpeloponnes ist, wohl auch durch den gro\u00dfen Pinios-Stausee (20 qkm), im Gegensatz zu den meist kargen Inseln gekennzeichnet von immergr\u00fcner Natur (Olivenb\u00e4ume, Weinbau, Erdbeer- und Melonenplantagen, Maisfelder, \u2026).<\/figcaption><\/figure>\n<p><\/p>\n<p><\/p>\n<figure class=\"wp-block-image size-large\"><img loading=\"lazy\" decoding=\"async\" width=\"1024\" height=\"577\" class=\"wp-image-621\" alt=\"\" src=\"\/wp-content\/uploads\/2020\/05\/Kastro-Umgebung-Toskana-1-1024x577.jpg\" srcset=\"https:\/\/whitevillas.biz\/wp-content\/uploads\/2020\/05\/Kastro-Umgebung-Toskana-1-1024x577.jpg 1024w, https:\/\/whitevillas.biz\/wp-content\/uploads\/2020\/05\/Kastro-Umgebung-Toskana-1-300x169.jpg 300w, https:\/\/whitevillas.biz\/wp-content\/uploads\/2020\/05\/Kastro-Umgebung-Toskana-1-768x432.jpg 768w, https:\/\/whitevillas.biz\/wp-content\/uploads\/2020\/05\/Kastro-Umgebung-Toskana-1-1536x865.jpg 1536w, https:\/\/whitevillas.biz\/wp-content\/uploads\/2020\/05\/Kastro-Umgebung-Toskana-1.jpg 1918w\" sizes=\"(max-width: 1024px) 100vw, 1024px\" \/><\/figure>\n<p><\/p>\n<p><\/p>\n<p>N\u00e4chstgelegene St\u00e4dte:<\/p>\n<p><\/p>\n<p><\/p>\n<p>Amaliada (ca. 9 km\/32.000 Einwohner)<br>Pyrgos (ca. 16 km\/52.000 Einwohner)<\/p>\n<p><\/p>\t\t\t\t\t\t\t\t<\/div>\n\t\t\t\t<\/div>\n\t\t\t\t\t<\/div>\n\t\t<\/div>\n\t\t\t\t\t<\/div>\n\t\t<\/section>\n\t\t\t\t<\/div>\n\t\t","protected":false},"excerpt":{"rendered":"<p>Peloponnes \u2013 Ilias (Nordwestk\u00fcste) \u2013&nbsp;Agia Marina Landschaftlich ist der Peloponnes sehr reizvoll: Fruchtbare Tallandschaften, Gebirge bis zu 2.400 m H\u00f6he und endlose Sandstr\u00e4nde an der gesamten Westk\u00fcste. Der Peloponnes (Insel des Pelops) ist eine Halbinsel, \u00fcber den Isthmus von Korinth <a href=\"https:\/\/whitevillas.biz\/index.php\/peloponnes\/\" class=\"more-link\">Weiterlesen<\/a><\/p>\n","protected":false},"author":1,"featured_media":624,"parent":0,"menu_order":0,"comment_status":"closed","ping_status":"closed","template":"","meta":{"inline_featured_image":false,"footnotes":""},"class_list":["post-618","page","type-page","status-publish","has-post-thumbnail","hentry"],"_links":{"self":[{"href":"https:\/\/whitevillas.biz\/index.php\/wp-json\/wp\/v2\/pages\/618","targetHints":{"allow":["GET"]}}],"collection":[{"href":"https:\/\/whitevillas.biz\/index.php\/wp-json\/wp\/v2\/pages"}],"about":[{"href":"https:\/\/whitevillas.biz\/index.php\/wp-json\/wp\/v2\/types\/page"}],"author":[{"embeddable":true,"href":"https:\/\/whitevillas.biz\/index.php\/wp-json\/wp\/v2\/users\/1"}],"replies":[{"embeddable":true,"href":"https:\/\/whitevillas.biz\/index.php\/wp-json\/wp\/v2\/comments?post=618"}],"version-history":[{"count":3,"href":"https:\/\/whitevillas.biz\/index.php\/wp-json\/wp\/v2\/pages\/618\/revisions"}],"predecessor-version":[{"id":739,"href":"https:\/\/whitevillas.biz\/index.php\/wp-json\/wp\/v2\/pages\/618\/revisions\/739"}],"wp:featuredmedia":[{"embeddable":true,"href":"https:\/\/whitevillas.biz\/index.php\/wp-json\/wp\/v2\/media\/624"}],"wp:attachment":[{"href":"https:\/\/whitevillas.biz\/index.php\/wp-json\/wp\/v2\/media?parent=618"}],"curies":[{"name":"wp","href":"https:\/\/api.w.org\/{rel}","templated":true}]}}