{"id":587,"date":"2020-05-31T15:59:28","date_gmt":"2020-05-31T13:59:28","guid":{"rendered":"https:\/\/whitevillas.biz\/?page_id=587"},"modified":"2023-01-08T11:59:47","modified_gmt":"2023-01-08T10:59:47","slug":"villenanlage","status":"publish","type":"page","link":"https:\/\/whitevillas.biz\/index.php\/villenanlage\/","title":{"rendered":"Villenanlage"},"content":{"rendered":"<p><\/p>\n\n\n<\/p>\n<p>360\u00b0 view:\u00a0<a href=\"https:\/\/kuula.co\/post\/7kV2r\" target=\"_blank\" rel=\"noreferrer noopener\">https:\/\/kuula.co\/post\/7kV2r<\/a><\/p>\n<p>\n\n\n\n<\/p>\n<ul class=\"wp-block-list\">\n<li><strong>Direktlage am Meer<\/strong><\/li>\n<li><strong>Herrlicher, kilometerlanger, feiner, flach abfallender Sandstrand<\/strong><\/li>\n<li>Komplett eingez\u00e4untes Grundst\u00fcck<\/li>\n<li>Alarmanlage, Safe<\/li>\n<li><strong>Drei eigenst\u00e4ndige Villen<\/strong> (je ca. 60 &#8211; 80 qm Wohnfl\u00e4che)<\/li>\n<li>Moderne Architektur<\/li>\n<li>Elegante Innenausstattung<\/li>\n<li>Offener Sichtdachstuhl<\/li>\n<li><strong>Gro\u00dfz\u00fcgige, \u00fcberschattete Terrassen<\/strong><\/li>\n<li><strong>Gro\u00dfer Gemeinschaftspool<\/strong> (Sport- &amp; Kinderbecken) mit Sitz- &amp; Liegebereich\n<p>\u00a0<\/p>\n<p>Im Preis inbegriffen:<\/p>\n<\/li>\n<\/ul>\n<p>\n\n\n\n<\/p>\n<ul class=\"wp-block-list\">\n<li>Liegen und Schirme am Pool<\/li>\n<li>Liegen und Schirme am Strand (2 Schirme pro Villa)<\/li>\n<li>Tischtennis<\/li>\n<li>Fahrr\u00e4der<\/li>\n<li>Kinderspielplatz<\/li>\n<li>Windsurfing,\u00a0Kanus,\u00a0Katamaran<\/li>\n<li>Waschmaschine<\/li>\n<li>Hand- &amp;\u00a0 Badet\u00fccher, Bettw\u00e4sche, Strandt\u00fccher<\/li>\n<li>Internet, Wasser, Strom<\/li>\n<li>Zwischenreinigung (1x pro Woche), Endreinigung<\/li>\n<\/ul>\n<p>\n\n\n<p><\/p>\n<figure>\n\t\t\t\t\t\t\t\t\t\t<img loading=\"lazy\" decoding=\"async\" width=\"790\" height=\"443\" src=\"https:\/\/whitevillas.biz\/wp-content\/uploads\/2020\/05\/2-1024x574.jpg\" alt=\"\" loading=\"lazy\" srcset=\"https:\/\/whitevillas.biz\/wp-content\/uploads\/2020\/05\/2-1024x574.jpg 1024w, https:\/\/whitevillas.biz\/wp-content\/uploads\/2020\/05\/2-300x168.jpg 300w, https:\/\/whitevillas.biz\/wp-content\/uploads\/2020\/05\/2-768x431.jpg 768w, https:\/\/whitevillas.biz\/wp-content\/uploads\/2020\/05\/2-1536x862.jpg 1536w, https:\/\/whitevillas.biz\/wp-content\/uploads\/2020\/05\/2.jpg 2041w\" sizes=\"auto, (max-width: 790px) 100vw, 790px\"><figcaption>Gepflegte Au\u00dfenanlagen auf einem ca. 5.000 qm gro\u00dfen, abgeschlossenen und komplett eingez\u00e4unten Grundst\u00fcck mit direktem Zugang zum Sandstrand. Die Villen k\u00f6nnen separat gemietet werden oder komplett f\u00fcr gr\u00f6\u00dfere Gruppen mit bis zu 16 Personen. Private Parkpl\u00e4tze vor jeder Villa.<\/figcaption><\/figure>\n<p>\t\t\t\t\t\t\t\t\t\t<img loading=\"lazy\" decoding=\"async\" width=\"790\" height=\"444\" src=\"https:\/\/whitevillas.biz\/wp-content\/uploads\/2020\/05\/1-1024x575.jpg\" alt=\"\" loading=\"lazy\" srcset=\"https:\/\/whitevillas.biz\/wp-content\/uploads\/2020\/05\/1-1024x575.jpg 1024w, https:\/\/whitevillas.biz\/wp-content\/uploads\/2020\/05\/1-300x168.jpg 300w, https:\/\/whitevillas.biz\/wp-content\/uploads\/2020\/05\/1-768x431.jpg 768w, https:\/\/whitevillas.biz\/wp-content\/uploads\/2020\/05\/1-1536x862.jpg 1536w, https:\/\/whitevillas.biz\/wp-content\/uploads\/2020\/05\/1.jpg 2037w\" sizes=\"auto, (max-width: 790px) 100vw, 790px\">\t\t\t\t\t\t\t\t\t\t\t<\/p>\n<figure>\n\t\t\t\t\t\t\t\t\t\t<img loading=\"lazy\" decoding=\"async\" width=\"790\" height=\"300\" src=\"https:\/\/whitevillas.biz\/wp-content\/uploads\/2020\/06\/Anlage-Gesamt-rotated-e1613903084855-1024x389.jpg\" alt=\"\" loading=\"lazy\" srcset=\"https:\/\/whitevillas.biz\/wp-content\/uploads\/2020\/06\/Anlage-Gesamt-rotated-e1613903084855-1024x389.jpg 1024w, https:\/\/whitevillas.biz\/wp-content\/uploads\/2020\/06\/Anlage-Gesamt-rotated-e1613903084855-300x114.jpg 300w, https:\/\/whitevillas.biz\/wp-content\/uploads\/2020\/06\/Anlage-Gesamt-rotated-e1613903084855-768x292.jpg 768w, https:\/\/whitevillas.biz\/wp-content\/uploads\/2020\/06\/Anlage-Gesamt-rotated-e1613903084855-1536x583.jpg 1536w, https:\/\/whitevillas.biz\/wp-content\/uploads\/2020\/06\/Anlage-Gesamt-rotated-e1613903084855.jpg 1920w\" sizes=\"auto, (max-width: 790px) 100vw, 790px\">\t\t\t\t\t\t\t\t\t\t\t<p><\/p>\n<figcaption>Private Pool Villa * Garden Villa * Beach Villa * Pool * Privater Strandbereich<\/figcaption>\n<\/figure>\n<p>\t\t\t\t\t\t\t\t\t\t<img loading=\"lazy\" decoding=\"async\" width=\"790\" height=\"564\" src=\"https:\/\/whitevillas.biz\/wp-content\/uploads\/2020\/05\/Private-Beach-1024x731.jpg\" alt=\"\" loading=\"lazy\" srcset=\"https:\/\/whitevillas.biz\/wp-content\/uploads\/2020\/05\/Private-Beach-1024x731.jpg 1024w, https:\/\/whitevillas.biz\/wp-content\/uploads\/2020\/05\/Private-Beach-300x214.jpg 300w, https:\/\/whitevillas.biz\/wp-content\/uploads\/2020\/05\/Private-Beach-768x549.jpg 768w, https:\/\/whitevillas.biz\/wp-content\/uploads\/2020\/05\/Private-Beach-1536x1097.jpg 1536w, https:\/\/whitevillas.biz\/wp-content\/uploads\/2020\/05\/Private-Beach-2048x1463.jpg 2048w\" sizes=\"auto, (max-width: 790px) 100vw, 790px\"><br>\n\t\t\t\t\t\t\t\t\t\t<img loading=\"lazy\" decoding=\"async\" width=\"790\" height=\"593\" src=\"https:\/\/whitevillas.biz\/wp-content\/uploads\/2020\/05\/IMG_1948-1024x768.jpg\" alt=\"\" loading=\"lazy\" srcset=\"https:\/\/whitevillas.biz\/wp-content\/uploads\/2020\/05\/IMG_1948-1024x768.jpg 1024w, https:\/\/whitevillas.biz\/wp-content\/uploads\/2020\/05\/IMG_1948-300x225.jpg 300w, https:\/\/whitevillas.biz\/wp-content\/uploads\/2020\/05\/IMG_1948-768x576.jpg 768w, https:\/\/whitevillas.biz\/wp-content\/uploads\/2020\/05\/IMG_1948-1536x1152.jpg 1536w, https:\/\/whitevillas.biz\/wp-content\/uploads\/2020\/05\/IMG_1948-2048x1536.jpg 2048w\" sizes=\"auto, (max-width: 790px) 100vw, 790px\"><br>\n\t\t\t\t\t\t\t\t\t\t<img loading=\"lazy\" decoding=\"async\" width=\"790\" height=\"444\" src=\"https:\/\/whitevillas.biz\/wp-content\/uploads\/2020\/05\/WP_20170815_15_05_00_Pro-1024x576.jpg\" alt=\"\" loading=\"lazy\" srcset=\"https:\/\/whitevillas.biz\/wp-content\/uploads\/2020\/05\/WP_20170815_15_05_00_Pro-1024x576.jpg 1024w, https:\/\/whitevillas.biz\/wp-content\/uploads\/2020\/05\/WP_20170815_15_05_00_Pro-300x169.jpg 300w, https:\/\/whitevillas.biz\/wp-content\/uploads\/2020\/05\/WP_20170815_15_05_00_Pro-768x432.jpg 768w, https:\/\/whitevillas.biz\/wp-content\/uploads\/2020\/05\/WP_20170815_15_05_00_Pro-1536x865.jpg 1536w, https:\/\/whitevillas.biz\/wp-content\/uploads\/2020\/05\/WP_20170815_15_05_00_Pro-2048x1153.jpg 2048w\" sizes=\"auto, (max-width: 790px) 100vw, 790px\"><br>\n\t\t\t\t\t\t\t\t\t\t<img loading=\"lazy\" decoding=\"async\" width=\"790\" height=\"444\" src=\"https:\/\/whitevillas.biz\/wp-content\/uploads\/2020\/05\/WP_20180527_10_25_34_Pro-1024x576.jpg\" alt=\"\" loading=\"lazy\" srcset=\"https:\/\/whitevillas.biz\/wp-content\/uploads\/2020\/05\/WP_20180527_10_25_34_Pro-1024x576.jpg 1024w, https:\/\/whitevillas.biz\/wp-content\/uploads\/2020\/05\/WP_20180527_10_25_34_Pro-300x169.jpg 300w, https:\/\/whitevillas.biz\/wp-content\/uploads\/2020\/05\/WP_20180527_10_25_34_Pro-768x432.jpg 768w, https:\/\/whitevillas.biz\/wp-content\/uploads\/2020\/05\/WP_20180527_10_25_34_Pro-1536x865.jpg 1536w, https:\/\/whitevillas.biz\/wp-content\/uploads\/2020\/05\/WP_20180527_10_25_34_Pro-2048x1153.jpg 2048w\" sizes=\"auto, (max-width: 790px) 100vw, 790px\"><br>\n\t\t\t\t\t\t\t\t\t\t<img loading=\"lazy\" decoding=\"async\" width=\"790\" height=\"444\" src=\"https:\/\/whitevillas.biz\/wp-content\/uploads\/2020\/05\/DSC09195-1024x576-1.jpg\" alt=\"\" loading=\"lazy\" srcset=\"https:\/\/whitevillas.biz\/wp-content\/uploads\/2020\/05\/DSC09195-1024x576-1.jpg 1024w, https:\/\/whitevillas.biz\/wp-content\/uploads\/2020\/05\/DSC09195-1024x576-1-300x169.jpg 300w, https:\/\/whitevillas.biz\/wp-content\/uploads\/2020\/05\/DSC09195-1024x576-1-768x432.jpg 768w\" sizes=\"auto, (max-width: 790px) 100vw, 790px\"><br>\n\t\t\t\t\t\t\t\t\t\t<img loading=\"lazy\" decoding=\"async\" width=\"683\" height=\"1024\" src=\"https:\/\/whitevillas.biz\/wp-content\/uploads\/2020\/05\/MG_7167-683x1024.jpg\" alt=\"\" loading=\"lazy\" srcset=\"https:\/\/whitevillas.biz\/wp-content\/uploads\/2020\/05\/MG_7167-683x1024.jpg 683w, https:\/\/whitevillas.biz\/wp-content\/uploads\/2020\/05\/MG_7167-200x300.jpg 200w, https:\/\/whitevillas.biz\/wp-content\/uploads\/2020\/05\/MG_7167.jpg 720w\" sizes=\"auto, (max-width: 683px) 100vw, 683px\"><\/p>","protected":false},"excerpt":{"rendered":"<p>360\u00b0 view:\u00a0https:\/\/kuula.co\/post\/7kV2r Direktlage am Meer Herrlicher, kilometerlanger, feiner, flach abfallender Sandstrand Komplett eingez\u00e4untes Grundst\u00fcck Alarmanlage, Safe Drei eigenst\u00e4ndige Villen (je ca. 60 &#8211; 80 qm Wohnfl\u00e4che) Moderne Architektur Elegante Innenausstattung Offener Sichtdachstuhl Gro\u00dfz\u00fcgige, \u00fcberschattete Terrassen Gro\u00dfer Gemeinschaftspool (Sport- &amp; Kinderbecken) <a href=\"https:\/\/whitevillas.biz\/index.php\/villenanlage\/\" class=\"more-link\">Weiterlesen<\/a><\/p>\n","protected":false},"author":1,"featured_media":588,"parent":0,"menu_order":0,"comment_status":"closed","ping_status":"closed","template":"","meta":{"inline_featured_image":false,"footnotes":""},"class_list":["post-587","page","type-page","status-publish","has-post-thumbnail","hentry"],"_links":{"self":[{"href":"https:\/\/whitevillas.biz\/index.php\/wp-json\/wp\/v2\/pages\/587","targetHints":{"allow":["GET"]}}],"collection":[{"href":"https:\/\/whitevillas.biz\/index.php\/wp-json\/wp\/v2\/pages"}],"about":[{"href":"https:\/\/whitevillas.biz\/index.php\/wp-json\/wp\/v2\/types\/page"}],"author":[{"embeddable":true,"href":"https:\/\/whitevillas.biz\/index.php\/wp-json\/wp\/v2\/users\/1"}],"replies":[{"embeddable":true,"href":"https:\/\/whitevillas.biz\/index.php\/wp-json\/wp\/v2\/comments?post=587"}],"version-history":[{"count":88,"href":"https:\/\/whitevillas.biz\/index.php\/wp-json\/wp\/v2\/pages\/587\/revisions"}],"predecessor-version":[{"id":1225,"href":"https:\/\/whitevillas.biz\/index.php\/wp-json\/wp\/v2\/pages\/587\/revisions\/1225"}],"wp:featuredmedia":[{"embeddable":true,"href":"https:\/\/whitevillas.biz\/index.php\/wp-json\/wp\/v2\/media\/588"}],"wp:attachment":[{"href":"https:\/\/whitevillas.biz\/index.php\/wp-json\/wp\/v2\/media?parent=587"}],"curies":[{"name":"wp","href":"https:\/\/api.w.org\/{rel}","templated":true}]}}